{"id":1271,"date":"2020-05-24T15:45:08","date_gmt":"2020-05-24T15:45:08","guid":{"rendered":"http:\/\/dev.noalyss.eu\/?page_id=1236"},"modified":"2022-06-21T12:42:21","modified_gmt":"2022-06-21T12:42:21","slug":"video-modification","status":"publish","type":"page","link":"https:\/\/www.noalyss.eu\/?page_id=1271","title":{"rendered":"Vid\u00e9o"},"content":{"rendered":"<p>[et_pb_section fb_built=\u00a0\u00bb1&Prime; fullwidth=\u00a0\u00bbon\u00a0\u00bb _builder_version=\u00a0\u00bb4.4.3&Prime;][\/et_pb_section][et_pb_section fb_built=\u00a0\u00bb1&Prime; _builder_version=\u00a0\u00bb4.4.3&Prime; custom_padding=\u00a0\u00bb||0px|||\u00a0\u00bb][et_pb_row _builder_version=\u00a0\u00bb4.4.6&Prime;][et_pb_column type=\u00a0\u00bb4_4&Prime; _builder_version=\u00a0\u00bb4.4.6&Prime;][et_pb_video src=\u00a0\u00bbhttps:\/\/www.youtube.com\/watch?v=98QiGNOS7u4&#038;t=1s\u00a0\u00bb thumbnail_overlay_color=\u00a0\u00bbrgba(0,0,0,0.6)\u00a0\u00bb _builder_version=\u00a0\u00bb4.4.6&Prime;][\/et_pb_video][\/et_pb_column][\/et_pb_row][\/et_pb_section][et_pb_section fb_built=\u00a0\u00bb1&Prime; _builder_version=\u00a0\u00bb4.4.3&Prime; custom_margin=\u00a0\u00bb-34px|||||\u00a0\u00bb animation_style=\u00a0\u00bbfade\u00a0\u00bb animation_duration=\u00a0\u00bb1300ms\u00a0\u00bb animation_delay=\u00a0\u00bb300ms\u00a0\u00bb][et_pb_row column_structure=\u00a0\u00bb1_3,1_3,1_3&Prime; _builder_version=\u00a0\u00bb4.4.3&Prime;][et_pb_column type=\u00a0\u00bb1_3&Prime; _builder_version=\u00a0\u00bb4.4.3&Prime;][et_pb_accordion _builder_version=\u00a0\u00bb4.4.3&Prime;][et_pb_accordion_item title=\u00a0\u00bbTuto sur les plugins\u00a0\u00bb open=\u00a0\u00bbon\u00a0\u00bb _builder_version=\u00a0\u00bb4.4.3&Prime;]<\/p>\n<p>Dans ce tuto, on vous montre comment mettre \u00e0 jour, installer et activer des plugins sur Noalyss<\/p>\n<p><a href=\"https:\/\/wiki.noalyss.eu\/doku.php?id=les_plugins\" target=\"_blank\" rel=\"noopener noreferrer\">Cliquez ici pour acc\u00e9der au wiki<\/a><\/p>\n<p>[\/et_pb_accordion_item][\/et_pb_accordion][\/et_pb_column][et_pb_column type=\u00a0\u00bb1_3&Prime; _builder_version=\u00a0\u00bb4.4.3&Prime;][et_pb_accordion _builder_version=\u00a0\u00bb4.4.3&Prime;][et_pb_accordion_item title=\u00a0\u00bbTuto sur les rapports avanc\u00e9s 1\u00e8re partie\u00a0\u00bb open=\u00a0\u00bbon\u00a0\u00bb _builder_version=\u00a0\u00bb4.4.3&Prime;]<\/p>\n<p>Dans ce tuto, on vous montre toutes les possiblit\u00e9s que vous avez dans les rapports avanc\u00e9s<\/p>\n<p><a href=\"https:\/\/wiki.noalyss.eu\/doku.php?id=menu:rapav\" target=\"_blank\" rel=\"noopener noreferrer\">Cliquez ici pour acc\u00e9der au wiki<\/a><\/p>\n<p>[\/et_pb_accordion_item][\/et_pb_accordion][\/et_pb_column][et_pb_column type=\u00a0\u00bb1_3&Prime; _builder_version=\u00a0\u00bb4.4.3&Prime;][et_pb_accordion _builder_version=\u00a0\u00bb4.4.3&Prime;][et_pb_accordion_item title=\u00a0\u00bbTuto sur les rapports avanc\u00e9s 2\u00e8me partie \u00a0\u00bb open=\u00a0\u00bbon\u00a0\u00bb _builder_version=\u00a0\u00bb4.4.3&Prime;]<\/p>\n<p>Dans ce tuto, on vous montre comment cr\u00e9er un fichier calque dans les rapports avanc\u00e9s et comment l&rsquo;utiliser lors de la g\u00e9n\u00e9ration d&rsquo;un document<\/p>\n<p><a href=\"https:\/\/wiki.noalyss.eu\/doku.php?id=menu:rapav\" target=\"_blank\" rel=\"noopener noreferrer\">Cliquez ici pour acc\u00e9der au wiki\u00a0<\/a><\/p>\n<p>[\/et_pb_accordion_item][\/et_pb_accordion][\/et_pb_column][\/et_pb_row][et_pb_row column_structure=\u00a0\u00bb1_3,1_3,1_3&Prime; _builder_version=\u00a0\u00bb4.4.3&Prime;][et_pb_column type=\u00a0\u00bb1_3&Prime; _builder_version=\u00a0\u00bb4.4.3&Prime;][et_pb_video src=\u00a0\u00bbhttps:\/\/www.youtube.com\/watch?v=myv9MZYdeVw\u00a0\u00bb image_src=\u00a0\u00bbhttps:\/\/www.noalyss.eu\/wp-content\/uploads\/2021\/03\/Installation-extension.jpg\u00a0\u00bb thumbnail_overlay_color=\u00a0\u00bbrgba(0,0,0,0.6)\u00a0\u00bb _builder_version=\u00a0\u00bb4.4.6&Prime;][\/et_pb_video][\/et_pb_column][et_pb_column type=\u00a0\u00bb1_3&Prime; _builder_version=\u00a0\u00bb4.4.3&Prime;][et_pb_video src=\u00a0\u00bbhttps:\/\/www.youtube.com\/watch?v=u2B4txncAME&#038;t=10s\u00a0\u00bb image_src=\u00a0\u00bbhttps:\/\/www.noalyss.eu\/wp-content\/uploads\/2021\/03\/Rapav.jpg\u00a0\u00bb thumbnail_overlay_color=\u00a0\u00bbrgba(0,0,0,0.6)\u00a0\u00bb _builder_version=\u00a0\u00bb4.4.6&Prime;][\/et_pb_video][\/et_pb_column][et_pb_column type=\u00a0\u00bb1_3&Prime; _builder_version=\u00a0\u00bb4.4.3&Prime;][et_pb_video src=\u00a0\u00bbhttps:\/\/www.youtube.com\/watch?v=YNN4YLaXDcI&#038;t=56s\u00a0\u00bb image_src=\u00a0\u00bbhttps:\/\/www.noalyss.eu\/wp-content\/uploads\/2021\/03\/Rapav-2.jpg\u00a0\u00bb thumbnail_overlay_color=\u00a0\u00bbrgba(0,0,0,0.6)\u00a0\u00bb _builder_version=\u00a0\u00bb4.4.6&Prime;][\/et_pb_video][\/et_pb_column][\/et_pb_row][et_pb_row column_structure=\u00a0\u00bb1_3,1_3,1_3&Prime; _builder_version=\u00a0\u00bb4.4.3&Prime;][et_pb_column type=\u00a0\u00bb1_3&Prime; _builder_version=\u00a0\u00bb4.4.3&Prime;][et_pb_accordion _builder_version=\u00a0\u00bb4.4.6&Prime;][et_pb_accordion_item title=\u00a0\u00bbTuto sur les rapports avanc\u00e9s 3\u00e8me partie\u00a0\u00bb open=\u00a0\u00bbon\u00a0\u00bb _builder_version=\u00a0\u00bb4.4.6&Prime;]<\/p>\n<p><span>3\u00e8me partie du tutoriel sur les rapports avanc\u00e9s<\/span><\/p>\n<p><a href=\"https:\/\/wiki.noalyss.eu\/doku.php?id=menu:rapav\">Cliquez ici pour acc\u00e9der au wiki<\/a><\/p>\n<p>[\/et_pb_accordion_item][\/et_pb_accordion][\/et_pb_column][et_pb_column type=\u00a0\u00bb1_3&Prime; _builder_version=\u00a0\u00bb4.4.3&Prime;][et_pb_accordion _builder_version=\u00a0\u00bb4.4.6&Prime;][et_pb_accordion_item title=\u00a0\u00bbTuto sur les moyens de paiements\u00a0\u00bb open=\u00a0\u00bbon\u00a0\u00bb _builder_version=\u00a0\u00bb4.4.6&Prime;]<\/p>\n<p><span style=\"color: #808080;\">Dans ce tuto, on vous montre comment cr\u00e9er diff\u00e9rents moyens de paiements dans les op\u00e9rations d&rsquo;achats ou de ventes.<\/span><\/p>\n<p><a href=\"https:\/\/wiki.noalyss.eu\/doku.php?id=tutoriaux:les_paiements_lors_d_un_achat_ou_d_une_vente\" target=\"_blank\" rel=\"noopener noreferrer\">Cliquez ici pour acc\u00e9der au wiki<\/a><\/p>\n<p>[\/et_pb_accordion_item][\/et_pb_accordion][\/et_pb_column][et_pb_column type=\u00a0\u00bb1_3&Prime; _builder_version=\u00a0\u00bb4.4.3&Prime;][et_pb_accordion _builder_version=\u00a0\u00bb4.4.6&Prime; locked=\u00a0\u00bboff\u00a0\u00bb][et_pb_accordion_item title=\u00a0\u00bbTuto sur les mod\u00e8les de factures\u00a0\u00bb open=\u00a0\u00bbon\u00a0\u00bb _builder_version=\u00a0\u00bb4.4.6&Prime;]<\/p>\n<p><span style=\"color: #808080;\">Dans ce tuto, on vous montre comment ajouter un mod\u00e8le de facture et comment l&rsquo;utiliser lors d&rsquo;une op\u00e9ration de vente<\/span><\/p>\n<p><a href=\"https:\/\/wiki.noalyss.eu\/doku.php?id=facturation\" target=\"_blank\" rel=\"noopener noreferrer\">Cliquez ici pour acc\u00e9der au wiki<\/a><\/p>\n<p>[\/et_pb_accordion_item][\/et_pb_accordion][\/et_pb_column][\/et_pb_row][et_pb_row column_structure=\u00a0\u00bb1_3,1_3,1_3&Prime; _builder_version=\u00a0\u00bb4.4.3&Prime;][et_pb_column type=\u00a0\u00bb1_3&Prime; _builder_version=\u00a0\u00bb4.4.3&Prime;][et_pb_video src=\u00a0\u00bbhttps:\/\/www.youtube.com\/watch?v=4IwSlqNkPiY\u00a0\u00bb image_src=\u00a0\u00bbhttps:\/\/www.noalyss.eu\/wp-content\/uploads\/2021\/03\/Rapav-3.jpg\u00a0\u00bb thumbnail_overlay_color=\u00a0\u00bbrgba(0,0,0,0.6)\u00a0\u00bb _builder_version=\u00a0\u00bb4.4.6&Prime;][\/et_pb_video][\/et_pb_column][et_pb_column type=\u00a0\u00bb1_3&Prime; _builder_version=\u00a0\u00bb4.4.3&Prime;][et_pb_video src=\u00a0\u00bbhttps:\/\/www.youtube.com\/watch?v=xSMyv6AEI0E&#038;t=1s\u00a0\u00bb image_src=\u00a0\u00bbhttps:\/\/www.noalyss.eu\/wp-content\/uploads\/2021\/03\/Moyen-de-paiements.jpg\u00a0\u00bb thumbnail_overlay_color=\u00a0\u00bbrgba(0,0,0,0.6)\u00a0\u00bb _builder_version=\u00a0\u00bb4.4.6&Prime;][\/et_pb_video][\/et_pb_column][et_pb_column type=\u00a0\u00bb1_3&Prime; _builder_version=\u00a0\u00bb4.4.3&Prime;][et_pb_video src=\u00a0\u00bbhttps:\/\/www.youtube.com\/watch?v=PAp3Y3j0h-8&#038;t=1s\u00a0\u00bb image_src=\u00a0\u00bbhttps:\/\/www.noalyss.eu\/wp-content\/uploads\/2021\/03\/Factures.jpg\u00a0\u00bb thumbnail_overlay_color=\u00a0\u00bbrgba(0,0,0,0.6)\u00a0\u00bb _builder_version=\u00a0\u00bb4.4.6&Prime;][\/et_pb_video][\/et_pb_column][\/et_pb_row][et_pb_row column_structure=\u00a0\u00bb1_3,1_3,1_3&Prime; _builder_version=\u00a0\u00bb4.4.6&Prime;][et_pb_column type=\u00a0\u00bb1_3&Prime; _builder_version=\u00a0\u00bb4.4.6&Prime;][et_pb_accordion _builder_version=\u00a0\u00bb4.4.6&Prime;][et_pb_accordion_item title=\u00a0\u00bbTuto sur les fiches 1\u00e8re partie\u00a0\u00bb open=\u00a0\u00bbon\u00a0\u00bb _builder_version=\u00a0\u00bb4.4.6&Prime;]<\/p>\n<p><span style=\"color: #808080;\">L&rsquo;extension listing permet de travailler par fiche en tirant des informations depuis la comptabilit\u00e9 ou les fiches elle-m\u00eame. Flexible et puissante, cette extension permet de faire des listings, des courriers et m\u00eame de fiches de paie<\/span><\/p>\n<p>[\/et_pb_accordion_item][\/et_pb_accordion][\/et_pb_column][et_pb_column type=\u00a0\u00bb1_3&Prime; _builder_version=\u00a0\u00bb4.4.6&Prime;][et_pb_accordion _builder_version=\u00a0\u00bb4.4.6&Prime;][et_pb_accordion_item title=\u00a0\u00bbTuto sur les fiches 2\u00e8me partie\u00a0\u00bb open=\u00a0\u00bbon\u00a0\u00bb _builder_version=\u00a0\u00bb4.4.6&Prime;]<\/p>\n<p>Ce tutoriel vous montrera comment cr\u00e9er des fiches, de corriger en grand nombre des listes de clients et d&rsquo;importer des op\u00e9rations pr\u00e9par\u00e9es avec un tableur afin de saisir plus rapidement ou depuis un autre programme de gestion-comptabilit\u00e9<\/p>\n<p>[\/et_pb_accordion_item][\/et_pb_accordion][\/et_pb_column][et_pb_column type=\u00a0\u00bb1_3&Prime; _builder_version=\u00a0\u00bb4.4.6&Prime;][et_pb_accordion _builder_version=\u00a0\u00bb4.4.6&Prime;][et_pb_accordion_item title=\u00a0\u00bbTuto sur la navigation dans Noalyss\u00a0\u00bb open=\u00a0\u00bbon\u00a0\u00bb _builder_version=\u00a0\u00bb4.4.6&Prime;]<\/p>\n<p>Ce tuto vous montre les diff\u00e9rentes mani\u00e8res de navigation que Noalyss vous propose<\/p>\n<p>[\/et_pb_accordion_item][\/et_pb_accordion][\/et_pb_column][\/et_pb_row][et_pb_row column_structure=\u00a0\u00bb1_3,1_3,1_3&Prime; _builder_version=\u00a0\u00bb4.4.6&Prime;][et_pb_column type=\u00a0\u00bb1_3&Prime; _builder_version=\u00a0\u00bb4.4.6&Prime;][et_pb_video src=\u00a0\u00bbhttps:\/\/www.youtube.com\/watch?v=SJnSdwdVquY&#038;t=81s\u00a0\u00bb image_src=\u00a0\u00bbhttps:\/\/www.noalyss.eu\/wp-content\/uploads\/2021\/03\/Fiches-pt-2.jpg\u00a0\u00bb thumbnail_overlay_color=\u00a0\u00bbrgba(0,0,0,0.6)\u00a0\u00bb _builder_version=\u00a0\u00bb4.4.6&Prime;][\/et_pb_video][\/et_pb_column][et_pb_column type=\u00a0\u00bb1_3&Prime; _builder_version=\u00a0\u00bb4.4.6&Prime;][et_pb_video src=\u00a0\u00bbhttps:\/\/www.youtube.com\/watch?v=jACCGgnoAw0&Prime; image_src=\u00a0\u00bbhttps:\/\/www.noalyss.eu\/wp-content\/uploads\/2021\/03\/Intro-1.jpg\u00a0\u00bb thumbnail_overlay_color=\u00a0\u00bbrgba(0,0,0,0.6)\u00a0\u00bb _builder_version=\u00a0\u00bb4.4.6&Prime;][\/et_pb_video][\/et_pb_column][et_pb_column type=\u00a0\u00bb1_3&Prime; _builder_version=\u00a0\u00bb4.4.6&Prime;][et_pb_video src=\u00a0\u00bbhttps:\/\/www.youtube.com\/watch?v=fmMLUIbLuCw\u00a0\u00bb image_src=\u00a0\u00bbhttps:\/\/www.noalyss.eu\/wp-content\/uploads\/2021\/03\/Nav.jpg\u00a0\u00bb thumbnail_overlay_color=\u00a0\u00bbrgba(0,0,0,0.6)\u00a0\u00bb _builder_version=\u00a0\u00bb4.4.6&Prime;][\/et_pb_video][\/et_pb_column][\/et_pb_row][et_pb_row column_structure=\u00a0\u00bb1_3,1_3,1_3&Prime; _builder_version=\u00a0\u00bb4.4.6&Prime;][et_pb_column type=\u00a0\u00bb1_3&Prime; _builder_version=\u00a0\u00bb4.4.6&Prime;][et_pb_accordion _builder_version=\u00a0\u00bb4.4.6&Prime;][et_pb_accordion_item title=\u00a0\u00bbTuto sur les listings\u00a0\u00bb open=\u00a0\u00bbon\u00a0\u00bb _builder_version=\u00a0\u00bb4.4.6&Prime;]<\/p>\n<p>L&rsquo;extension listing permet de travailler par fiche en tirant des informations depuis la comptabilit\u00e9 ou les fiches elle-m\u00eame. Flexible et puissante, cette extension permet de faire des listings, des courriers et m\u00eame de fiches de paie<\/p>\n<p>[\/et_pb_accordion_item][\/et_pb_accordion][\/et_pb_column][et_pb_column type=\u00a0\u00bb1_3&Prime; _builder_version=\u00a0\u00bb4.4.6&Prime;][et_pb_accordion _builder_version=\u00a0\u00bb4.4.6&Prime;][et_pb_accordion_item title=\u00a0\u00bbTuto sur les importations de fiches ou d&rsquo;op\u00e9rations\u00a0\u00bb open=\u00a0\u00bbon\u00a0\u00bb _builder_version=\u00a0\u00bb4.4.6&Prime;]<\/p>\n<p>Ce tutoriel vous montrera comment cr\u00e9er des fiches, de corriger en grand nombre des listes de clients et d&rsquo;importer des op\u00e9rations pr\u00e9par\u00e9es avec un tableur afin de saisir plus rapidement ou depuis un autre programme de gestion-comptabilit\u00e9<\/p>\n<p>[\/et_pb_accordion_item][\/et_pb_accordion][\/et_pb_column][et_pb_column type=\u00a0\u00bb1_3&Prime; _builder_version=\u00a0\u00bb4.4.6&Prime;][et_pb_accordion _builder_version=\u00a0\u00bb4.4.6&Prime;][et_pb_accordion_item title=\u00a0\u00bbTutoriel de l&rsquo;installation de Noalyss sous Linux\u00a0\u00bb open=\u00a0\u00bbon\u00a0\u00bb _builder_version=\u00a0\u00bb4.4.6&Prime;]<\/p>\n<p>Dans ce tutoriel on vous montre le chemin a emprunter pour installer Noalyss sous le syst\u00e8me d&rsquo;exploitation Linux<\/p>\n<p>&nbsp;<\/p>\n<p>[\/et_pb_accordion_item][\/et_pb_accordion][\/et_pb_column][\/et_pb_row][et_pb_row column_structure=\u00a0\u00bb1_3,1_3,1_3&Prime; _builder_version=\u00a0\u00bb4.4.6&Prime;][et_pb_column type=\u00a0\u00bb1_3&Prime; _builder_version=\u00a0\u00bb4.4.6&Prime;][et_pb_video src=\u00a0\u00bbhttps:\/\/www.youtube.com\/watch?v=hXQmGY4Arn8&#038;t=12s\u00a0\u00bb image_src=\u00a0\u00bbhttps:\/\/www.noalyss.eu\/wp-content\/uploads\/2021\/03\/Listings.jpg\u00a0\u00bb thumbnail_overlay_color=\u00a0\u00bbrgba(0,0,0,0.6)\u00a0\u00bb _builder_version=\u00a0\u00bb4.4.6&Prime;][\/et_pb_video][\/et_pb_column][et_pb_column type=\u00a0\u00bb1_3&Prime; _builder_version=\u00a0\u00bb4.4.6&Prime;][et_pb_video src=\u00a0\u00bbhttps:\/\/www.youtube.com\/watch?v=hIdK7OCIkqk&#038;t=1s\u00a0\u00bb image_src=\u00a0\u00bbhttps:\/\/www.noalyss.eu\/wp-content\/uploads\/2021\/03\/import-fiches.jpg\u00a0\u00bb thumbnail_overlay_color=\u00a0\u00bbrgba(0,0,0,0.6)\u00a0\u00bb _builder_version=\u00a0\u00bb4.4.6&Prime;][\/et_pb_video][\/et_pb_column][et_pb_column type=\u00a0\u00bb1_3&Prime; _builder_version=\u00a0\u00bb4.4.6&Prime;][et_pb_video src=\u00a0\u00bbhttps:\/\/www.youtube.com\/watch?v=fQ8ysUU4W38&Prime; image_src=\u00a0\u00bbhttps:\/\/www.noalyss.eu\/wp-content\/uploads\/2021\/03\/Linux.jpg\u00a0\u00bb thumbnail_overlay_color=\u00a0\u00bbrgba(0,0,0,0.6)\u00a0\u00bb _builder_version=\u00a0\u00bb4.4.6&Prime;][\/et_pb_video][\/et_pb_column][\/et_pb_row][et_pb_row column_structure=\u00a0\u00bb1_3,1_3,1_3&Prime; _builder_version=\u00a0\u00bb4.4.6&Prime;][et_pb_column type=\u00a0\u00bb1_3&Prime; _builder_version=\u00a0\u00bb4.4.6&Prime;][et_pb_accordion _builder_version=\u00a0\u00bb4.4.6&Prime;][et_pb_accordion_item title=\u00a0\u00bbTutoriel sur les profils et documents types\u00a0\u00bb open=\u00a0\u00bbon\u00a0\u00bb _builder_version=\u00a0\u00bb4.4.6&Prime;]<\/p>\n<p>Tutoriel sur la cr\u00e9ation de profils ainsi que de leur configuration dans Noalyss et des documents types.\u00a0<\/p>\n<p>[\/et_pb_accordion_item][\/et_pb_accordion][\/et_pb_column][et_pb_column type=\u00a0\u00bb1_3&Prime; _builder_version=\u00a0\u00bb4.4.6&Prime;][et_pb_accordion _builder_version=\u00a0\u00bb4.4.6&Prime;][et_pb_accordion_item title=\u00a0\u00bbTuto sur les lettres de rappel\u00a0\u00bb open=\u00a0\u00bbon\u00a0\u00bb _builder_version=\u00a0\u00bb4.4.6&Prime;]<\/p>\n<p>Dans ce tuto, on vous montre comment cr\u00e9er et utiliser les lettres de rappel<\/p>\n<p>[\/et_pb_accordion_item][\/et_pb_accordion][\/et_pb_column][et_pb_column type=\u00a0\u00bb1_3&Prime; _builder_version=\u00a0\u00bb4.4.6&Prime;][et_pb_accordion _builder_version=\u00a0\u00bb4.4.6&Prime;][et_pb_accordion_item title=\u00a0\u00bbTutoriel sur les mod\u00e8les d&rsquo;op\u00e9rations\u00a0\u00bb open=\u00a0\u00bbon\u00a0\u00bb _builder_version=\u00a0\u00bb4.4.6&Prime;]<\/p>\n<p>Tutoriel sur le fonctionnement des mod\u00e8les d&rsquo;op\u00e9rations et de leur cr\u00e9ation. Ainsi que la modification de ceux-ci apr\u00e8s les avoir cr\u00e9\u00e9s<\/p>\n<p>[\/et_pb_accordion_item][\/et_pb_accordion][\/et_pb_column][\/et_pb_row][et_pb_row column_structure=\u00a0\u00bb1_3,1_3,1_3&Prime; _builder_version=\u00a0\u00bb4.4.6&Prime;][et_pb_column type=\u00a0\u00bb1_3&Prime; _builder_version=\u00a0\u00bb4.4.6&Prime;][et_pb_video src=\u00a0\u00bbhttps:\/\/www.youtube.com\/watch?v=tEBiPp4zmg4&Prime; image_src=\u00a0\u00bbhttps:\/\/www.noalyss.eu\/wp-content\/uploads\/2021\/03\/Profil-doc-type.jpg\u00a0\u00bb thumbnail_overlay_color=\u00a0\u00bbrgba(0,0,0,0.6)\u00a0\u00bb _builder_version=\u00a0\u00bb4.4.6&Prime;][\/et_pb_video][\/et_pb_column][et_pb_column type=\u00a0\u00bb1_3&Prime; _builder_version=\u00a0\u00bb4.4.6&Prime;][et_pb_video src=\u00a0\u00bbhttps:\/\/www.youtube.com\/watch?v=oSDgLTQArGU&#038;t=1s\u00a0\u00bb image_src=\u00a0\u00bbhttps:\/\/www.noalyss.eu\/wp-content\/uploads\/2021\/03\/Lettre-rappel.jpg\u00a0\u00bb thumbnail_overlay_color=\u00a0\u00bbrgba(0,0,0,0.6)\u00a0\u00bb _builder_version=\u00a0\u00bb4.4.6&Prime;][\/et_pb_video][\/et_pb_column][et_pb_column type=\u00a0\u00bb1_3&Prime; _builder_version=\u00a0\u00bb4.4.6&Prime;][et_pb_video src=\u00a0\u00bbhttps:\/\/www.youtube.com\/watch?v=HJVWcOo07Jw&#038;t=40s\u00a0\u00bb image_src=\u00a0\u00bbhttps:\/\/www.noalyss.eu\/wp-content\/uploads\/2021\/03\/Mod\u00e8le-op\u00e9ration.jpg\u00a0\u00bb thumbnail_overlay_color=\u00a0\u00bbrgba(0,0,0,0.6)\u00a0\u00bb _builder_version=\u00a0\u00bb4.4.6&Prime;][\/et_pb_video][\/et_pb_column][\/et_pb_row][et_pb_row column_structure=\u00a0\u00bb1_3,1_3,1_3&Prime; _builder_version=\u00a0\u00bb4.4.6&Prime;][et_pb_column type=\u00a0\u00bb1_3&Prime; _builder_version=\u00a0\u00bb4.4.6&Prime;][et_pb_accordion _builder_version=\u00a0\u00bb4.4.6&Prime;][et_pb_accordion_item title=\u00a0\u00bbTuto sur la gestion des documents\u00a0\u00bb open=\u00a0\u00bbon\u00a0\u00bb _builder_version=\u00a0\u00bb4.4.6&Prime;]<\/p>\n<p>Tutoriel sur la gestion des documents et l&rsquo;explication des salons de vid\u00e9o conf\u00e9rence<\/p>\n<p>[\/et_pb_accordion_item][\/et_pb_accordion][\/et_pb_column][et_pb_column type=\u00a0\u00bb1_3&Prime; _builder_version=\u00a0\u00bb4.4.6&Prime;][et_pb_accordion _builder_version=\u00a0\u00bb4.9.4&Prime; _module_preset=\u00a0\u00bbdefault\u00a0\u00bb][et_pb_accordion_item title=\u00a0\u00bbLes trucs et astuces sur Noalyss\u00a0\u00bb open=\u00a0\u00bbon\u00a0\u00bb _builder_version=\u00a0\u00bb4.9.4&Prime; _module_preset=\u00a0\u00bbdefault\u00a0\u00bb]<\/p>\n<p>Vid\u00e9o sur les petits d\u00e9tails qui rendent Noalyss unique<\/p>\n<p>[\/et_pb_accordion_item][\/et_pb_accordion][\/et_pb_column][et_pb_column type=\u00a0\u00bb1_3&Prime; _builder_version=\u00a0\u00bb4.4.6&Prime;][et_pb_accordion _builder_version=\u00a0\u00bb4.9.4&Prime; _module_preset=\u00a0\u00bbdefault\u00a0\u00bb][et_pb_accordion_item title=\u00a0\u00bbPr\u00e9sentation Noalyss V9&Prime; open=\u00a0\u00bbon\u00a0\u00bb _builder_version=\u00a0\u00bb4.9.4&Prime; _module_preset=\u00a0\u00bbdefault\u00a0\u00bb]<\/p>\n<p>Vid\u00e9o sur\u00a0 les\u00a0 nouveaut\u00e9s de Noalyss 9.0<\/p>\n<p>[\/et_pb_accordion_item][\/et_pb_accordion][\/et_pb_column][\/et_pb_row][et_pb_row column_structure=\u00a0\u00bb1_3,1_3,1_3&Prime; _builder_version=\u00a0\u00bb4.4.6&Prime;][et_pb_column type=\u00a0\u00bb1_3&Prime; _builder_version=\u00a0\u00bb4.4.6&Prime;][et_pb_video src=\u00a0\u00bbhttps:\/\/www.youtube.com\/watch?v=ArKZyZuTSdo\u00a0\u00bb image_src=\u00a0\u00bbhttps:\/\/www.noalyss.eu\/wp-content\/uploads\/2021\/03\/Gestion-doc.jpg\u00a0\u00bb thumbnail_overlay_color=\u00a0\u00bbrgba(0,0,0,0.6)\u00a0\u00bb _builder_version=\u00a0\u00bb4.4.6&Prime;][\/et_pb_video][\/et_pb_column][et_pb_column type=\u00a0\u00bb1_3&Prime; _builder_version=\u00a0\u00bb4.4.6&Prime;][et_pb_video src=\u00a0\u00bbhttps:\/\/www.youtube.com\/watch?v=q7yQAFaWxmA\u00a0\u00bb image_src=\u00a0\u00bbhttps:\/\/www.noalyss.eu\/wp-content\/uploads\/2021\/04\/Intro.jpg\u00a0\u00bb _builder_version=\u00a0\u00bb4.9.4&Prime; _module_preset=\u00a0\u00bbdefault\u00a0\u00bb][\/et_pb_video][\/et_pb_column][et_pb_column type=\u00a0\u00bb1_3&Prime; _builder_version=\u00a0\u00bb4.4.6&Prime;][et_pb_video src=\u00a0\u00bbhttps:\/\/www.youtube.com\/watch?v=KVuKRlxZ7Io\u00a0\u00bb image_src=\u00a0\u00bbhttps:\/\/www.noalyss.eu\/wp-content\/uploads\/2021\/09\/Intro.jpg\u00a0\u00bb _builder_version=\u00a0\u00bb4.9.4&Prime; _module_preset=\u00a0\u00bbdefault\u00a0\u00bb][\/et_pb_video][\/et_pb_column][\/et_pb_row][et_pb_row column_structure=\u00a0\u00bb1_3,1_3,1_3&Prime; _builder_version=\u00a0\u00bb4.4.6&Prime;][et_pb_column type=\u00a0\u00bb1_3&Prime; _builder_version=\u00a0\u00bb4.4.6&Prime;][et_pb_accordion _builder_version=\u00a0\u00bb4.9.4&Prime; _module_preset=\u00a0\u00bbdefault\u00a0\u00bb][et_pb_accordion_item title=\u00a0\u00bbLes rapports et pr\u00e9visions\u00a0\u00bb open=\u00a0\u00bbon\u00a0\u00bb _builder_version=\u00a0\u00bb4.9.4&Prime; _module_preset=\u00a0\u00bbdefault\u00a0\u00bb]Tutoriel sur la configuration des rapports et des pr\u00e9visions[\/et_pb_accordion_item][\/et_pb_accordion][\/et_pb_column][et_pb_column type=\u00a0\u00bb1_3&Prime; _builder_version=\u00a0\u00bb4.4.6&Prime;][et_pb_accordion _builder_version=\u00a0\u00bb4.9.4&Prime; _module_preset=\u00a0\u00bbdefault\u00a0\u00bb][et_pb_accordion_item title=\u00a0\u00bbNoalyss Document : digitalisation\u00a0\u00bb open=\u00a0\u00bbon\u00a0\u00bb _builder_version=\u00a0\u00bb4.9.4&Prime; _module_preset=\u00a0\u00bbdefault\u00a0\u00bb]<\/p>\n<p><span>Pr\u00e9sentation de notre nouveau plugin noalyss document. Celui-ci vise a vous rendre la vie plus facile en important directement vos documents dans Noalyss depuis votre PC ou avec des photos prises avec votre t\u00e9l\u00e9phone.<\/span><\/p>\n<p>[\/et_pb_accordion_item][\/et_pb_accordion][\/et_pb_column][et_pb_column type=\u00a0\u00bb1_3&Prime; _builder_version=\u00a0\u00bb4.4.6&Prime;][et_pb_accordion _builder_version=\u00a0\u00bb4.9.4&Prime; _module_preset=\u00a0\u00bbdefault\u00a0\u00bb hover_enabled=\u00a0\u00bb0&Prime; sticky_enabled=\u00a0\u00bb0&Prime;][et_pb_accordion_item title=\u00a0\u00bbNoalyss &#8211; L&rsquo;import banque\u00a0\u00bb open=\u00a0\u00bbon\u00a0\u00bb _builder_version=\u00a0\u00bb4.9.4&Prime; _module_preset=\u00a0\u00bbdefault\u00a0\u00bb hover_enabled=\u00a0\u00bb0&Prime; sticky_enabled=\u00a0\u00bb0&Prime;]<\/p>\n<p>Tutoriel sur l&rsquo;extension import banque dans Noalyss<\/p>\n<p>[\/et_pb_accordion_item][\/et_pb_accordion][\/et_pb_column][\/et_pb_row][et_pb_row column_structure=\u00a0\u00bb1_3,1_3,1_3&Prime; _builder_version=\u00a0\u00bb4.4.6&Prime;][et_pb_column type=\u00a0\u00bb1_3&Prime; _builder_version=\u00a0\u00bb4.4.6&Prime;][et_pb_video src=\u00a0\u00bbhttps:\/\/www.youtube.com\/watch?v=ySNUmN83_p8&Prime; image_src=\u00a0\u00bbhttps:\/\/www.noalyss.eu\/wp-content\/uploads\/2022\/02\/Rapp-et-prev.jpg\u00a0\u00bb _builder_version=\u00a0\u00bb4.9.4&Prime; _module_preset=\u00a0\u00bbdefault\u00a0\u00bb][\/et_pb_video][\/et_pb_column][et_pb_column type=\u00a0\u00bb1_3&Prime; _builder_version=\u00a0\u00bb4.4.6&Prime;][et_pb_video src=\u00a0\u00bbhttps:\/\/www.youtube.com\/watch?v=CIbMqHtiKjw&#038;t=1s\u00a0\u00bb image_src=\u00a0\u00bbhttps:\/\/www.noalyss.eu\/wp-content\/uploads\/2022\/04\/Intro-video-plugin.jpg\u00a0\u00bb _builder_version=\u00a0\u00bb4.9.4&Prime; _module_preset=\u00a0\u00bbdefault\u00a0\u00bb][\/et_pb_video][\/et_pb_column][et_pb_column type=\u00a0\u00bb1_3&Prime; _builder_version=\u00a0\u00bb4.4.6&Prime;][et_pb_video src=\u00a0\u00bbhttps:\/\/www.youtube.com\/watch?v=i-vAk8RxNGs\u00a0\u00bb _builder_version=\u00a0\u00bb4.9.4&Prime; _module_preset=\u00a0\u00bbdefault\u00a0\u00bb title_text=\u00a0\u00bbImport banque\u00a0\u00bb image_src=\u00a0\u00bbhttps:\/\/www.noalyss.eu\/wp-content\/uploads\/2022\/06\/Import-banque.jpg\u00a0\u00bb hover_enabled=\u00a0\u00bb0&Prime; sticky_enabled=\u00a0\u00bb0&Prime;][\/et_pb_video][\/et_pb_column][\/et_pb_row][et_pb_row _builder_version=\u00a0\u00bb4.4.6&Prime;][et_pb_column type=\u00a0\u00bb4_4&Prime; _builder_version=\u00a0\u00bb4.4.6&Prime;][et_pb_button button_url=\u00a0\u00bbhttps:\/\/www.youtube.com\/channel\/UCtpnt4ip9oN_8ghDS_bB7zw\u00a0\u00bb button_text=\u00a0\u00bbVous trouverez d&rsquo;autres tutoriaux sur notre cha\u00eene Youtube\u00a0\u00bb _builder_version=\u00a0\u00bb4.4.6&Prime;][\/et_pb_button][et_pb_button button_url=\u00a0\u00bbhttps:\/\/videos.domainepublic.net\/accounts\/dany\/video-channels\u00a0\u00bb button_text=\u00a0\u00bbVous trouverez d&rsquo;autres tutoriaux sur Domain Public\u00a0\u00bb _builder_version=\u00a0\u00bb4.4.6&Prime;][\/et_pb_button][\/et_pb_column][\/et_pb_row][\/et_pb_section]<\/p>\n","protected":false},"excerpt":{"rendered":"<p>Dans ce tuto, on vous montre comment mettre \u00e0 jour, installer et activer des plugins sur Noalyss Cliquez ici pour acc\u00e9der au wikiDans ce tuto, on vous montre toutes les possiblit\u00e9s que vous avez dans les rapports avanc\u00e9s Cliquez ici pour acc\u00e9der au wikiDans ce tuto, on vous montre comment cr\u00e9er un fichier calque dans [&hellip;]<\/p>\n","protected":false},"author":1,"featured_media":0,"parent":0,"menu_order":0,"comment_status":"closed","ping_status":"closed","template":"","meta":{"_et_pb_use_builder":"on","_et_pb_old_content":"","_et_gb_content_width":"","footnotes":""},"class_list":["post-1271","page","type-page","status-publish","hentry"],"_links":{"self":[{"href":"https:\/\/www.noalyss.eu\/index.php?rest_route=\/wp\/v2\/pages\/1271","targetHints":{"allow":["GET"]}}],"collection":[{"href":"https:\/\/www.noalyss.eu\/index.php?rest_route=\/wp\/v2\/pages"}],"about":[{"href":"https:\/\/www.noalyss.eu\/index.php?rest_route=\/wp\/v2\/types\/page"}],"author":[{"embeddable":true,"href":"https:\/\/www.noalyss.eu\/index.php?rest_route=\/wp\/v2\/users\/1"}],"replies":[{"embeddable":true,"href":"https:\/\/www.noalyss.eu\/index.php?rest_route=%2Fwp%2Fv2%2Fcomments&post=1271"}],"version-history":[{"count":15,"href":"https:\/\/www.noalyss.eu\/index.php?rest_route=\/wp\/v2\/pages\/1271\/revisions"}],"predecessor-version":[{"id":1632,"href":"https:\/\/www.noalyss.eu\/index.php?rest_route=\/wp\/v2\/pages\/1271\/revisions\/1632"}],"wp:attachment":[{"href":"https:\/\/www.noalyss.eu\/index.php?rest_route=%2Fwp%2Fv2%2Fmedia&parent=1271"}],"curies":[{"name":"wp","href":"https:\/\/api.w.org\/{rel}","templated":true}]}}