{"id":471,"date":"2018-02-12T13:28:33","date_gmt":"2018-02-12T13:28:33","guid":{"rendered":"https:\/\/www.noalyss.eu\/?page_id=471"},"modified":"2023-01-02T20:30:39","modified_gmt":"2023-01-02T20:30:39","slug":"fonctionnalites","status":"publish","type":"page","link":"https:\/\/www.noalyss.eu\/?page_id=471","title":{"rendered":"Fonctionnalit\u00e9s"},"content":{"rendered":"<p>[et_pb_section fb_built=\u00a0\u00bb1&Prime; _builder_version=\u00a0\u00bb3.22&Prime; custom_padding=\u00a0\u00bb0px|0px|0px|0px\u00a0\u00bb][et_pb_row column_structure=\u00a0\u00bb1_2,1_2&Prime; _builder_version=\u00a0\u00bb3.25&Prime; custom_padding=\u00a0\u00bb50px|0px|25.5312px|0px\u00a0\u00bb][et_pb_column type=\u00a0\u00bb1_2&Prime; _builder_version=\u00a0\u00bb3.25&Prime; custom_padding=\u00a0\u00bb|||\u00a0\u00bb custom_padding__hover=\u00a0\u00bb|||\u00a0\u00bb][et_pb_image src=\u00a0\u00bbhttps:\/\/www.noalyss.eu\/wp-content\/uploads\/2018\/08\/mantextingcarre\u0301.jpg\u00a0\u00bb align_tablet=\u00a0\u00bbcenter\u00a0\u00bb align_phone=\u00a0\u00bb\u00a0\u00bb align_last_edited=\u00a0\u00bbon|desktop\u00a0\u00bb _builder_version=\u00a0\u00bb3.23&Prime;][\/et_pb_image][\/et_pb_column][et_pb_column type=\u00a0\u00bb1_2&Prime; _builder_version=\u00a0\u00bb3.25&Prime; custom_padding=\u00a0\u00bb|||\u00a0\u00bb custom_padding__hover=\u00a0\u00bb|||\u00a0\u00bb][et_pb_text _builder_version=\u00a0\u00bb3.27.4&Prime;]<\/p>\n<h4><span style=\"color: #003366;\">Fonctionnalit\u00e9s<\/span><\/h4>\n<p>Le logiciel NOALYSS est un logiciel libre, appel\u00e9 aussi OpenSource (GPL) de serveur de comptabilit\u00e9 et de gestion extr\u00eamement flexible, utilis\u00e9 par des comptables, des experts comptables, des PME, des ind\u00e9pendants ou associations (loi 1901, asbl).<\/p>\n<p>Il a \u00e9t\u00e9 publi\u00e9 la premi\u00e8re fois sous le nom de PhpCompta et a chang\u00e9 de nom en janvier 2014. Si vous le souhaitez, vous pouvez installer NOALYSS gratuitement chez vous afin continuer \u00e0 profiter de ce programme, vous serez le bienvenu \u00e0 participer aux discussions.<\/p>\n<p>Vous aurez acc\u00e8s \u00e0 toutes les extensions (plugins) : Amortissement, D\u00e9claration TVA (belge), Correction d\u2019op\u00e9ration, Outils pour comptable\u2026<br \/>\n[\/et_pb_text][et_pb_button button_text=\u00a0\u00bbFaire un don\u00a0\u00bb _builder_version=\u00a0\u00bb3.16&Prime; custom_button=\u00a0\u00bbon\u00a0\u00bb button_text_size=\u00a0\u00bb15px\u00a0\u00bb button_text_color=\u00a0\u00bb#044172&Prime; button_font=\u00a0\u00bb||||||||\u00a0\u00bb button_text_size__hover_enabled=\u00a0\u00bboff\u00a0\u00bb button_one_text_size__hover_enabled=\u00a0\u00bboff\u00a0\u00bb button_two_text_size__hover_enabled=\u00a0\u00bboff\u00a0\u00bb button_text_color__hover_enabled=\u00a0\u00bboff\u00a0\u00bb button_one_text_color__hover_enabled=\u00a0\u00bboff\u00a0\u00bb button_two_text_color__hover_enabled=\u00a0\u00bboff\u00a0\u00bb button_border_width__hover_enabled=\u00a0\u00bboff\u00a0\u00bb button_one_border_width__hover_enabled=\u00a0\u00bboff\u00a0\u00bb button_two_border_width__hover_enabled=\u00a0\u00bboff\u00a0\u00bb button_border_color__hover_enabled=\u00a0\u00bboff\u00a0\u00bb button_one_border_color__hover_enabled=\u00a0\u00bboff\u00a0\u00bb button_two_border_color__hover_enabled=\u00a0\u00bboff\u00a0\u00bb button_border_radius__hover_enabled=\u00a0\u00bboff\u00a0\u00bb button_one_border_radius__hover_enabled=\u00a0\u00bboff\u00a0\u00bb button_two_border_radius__hover_enabled=\u00a0\u00bboff\u00a0\u00bb button_letter_spacing__hover_enabled=\u00a0\u00bboff\u00a0\u00bb button_one_letter_spacing__hover_enabled=\u00a0\u00bboff\u00a0\u00bb button_two_letter_spacing__hover_enabled=\u00a0\u00bboff\u00a0\u00bb button_bg_color__hover_enabled=\u00a0\u00bboff\u00a0\u00bb button_one_bg_color__hover_enabled=\u00a0\u00bboff\u00a0\u00bb button_two_bg_color__hover_enabled=\u00a0\u00bboff\u00a0\u00bb][\/et_pb_button][et_pb_button button_text=\u00a0\u00bbT\u00e9l\u00e9charger le programme\u00a0\u00bb _builder_version=\u00a0\u00bb4.9.4&Prime; custom_button=\u00a0\u00bbon\u00a0\u00bb button_text_size=\u00a0\u00bb15px\u00a0\u00bb button_text_color=\u00a0\u00bb#044172&Prime; button_font=\u00a0\u00bb||||||||\u00a0\u00bb hover_enabled=\u00a0\u00bb0&Prime; button_text_size__hover_enabled=\u00a0\u00bboff\u00a0\u00bb button_one_text_size__hover_enabled=\u00a0\u00bboff\u00a0\u00bb button_two_text_size__hover_enabled=\u00a0\u00bboff\u00a0\u00bb button_text_color__hover_enabled=\u00a0\u00bboff\u00a0\u00bb button_one_text_color__hover_enabled=\u00a0\u00bboff\u00a0\u00bb button_two_text_color__hover_enabled=\u00a0\u00bboff\u00a0\u00bb button_border_width__hover_enabled=\u00a0\u00bboff\u00a0\u00bb button_one_border_width__hover_enabled=\u00a0\u00bboff\u00a0\u00bb button_two_border_width__hover_enabled=\u00a0\u00bboff\u00a0\u00bb button_border_color__hover_enabled=\u00a0\u00bboff\u00a0\u00bb button_one_border_color__hover_enabled=\u00a0\u00bboff\u00a0\u00bb button_two_border_color__hover_enabled=\u00a0\u00bboff\u00a0\u00bb button_border_radius__hover_enabled=\u00a0\u00bboff\u00a0\u00bb button_one_border_radius__hover_enabled=\u00a0\u00bboff\u00a0\u00bb button_two_border_radius__hover_enabled=\u00a0\u00bboff\u00a0\u00bb button_letter_spacing__hover_enabled=\u00a0\u00bboff\u00a0\u00bb button_one_letter_spacing__hover_enabled=\u00a0\u00bboff\u00a0\u00bb button_two_letter_spacing__hover_enabled=\u00a0\u00bboff\u00a0\u00bb button_bg_color__hover_enabled=\u00a0\u00bboff\u00a0\u00bb button_one_bg_color__hover_enabled=\u00a0\u00bboff\u00a0\u00bb button_two_bg_color__hover_enabled=\u00a0\u00bboff\u00a0\u00bb button_url=\u00a0\u00bbhttps:\/\/download.noalyss.eu\u00a0\u00bb sticky_enabled=\u00a0\u00bb0&Prime;][\/et_pb_button][\/et_pb_column][\/et_pb_row][\/et_pb_section][et_pb_section fb_built=\u00a0\u00bb1&Prime; _builder_version=\u00a0\u00bb3.22&Prime; custom_padding=\u00a0\u00bb37px|0px|0px|0px\u00a0\u00bb][et_pb_row _builder_version=\u00a0\u00bb3.25&Prime; custom_padding=\u00a0\u00bb0px|0px|0px|0px\u00a0\u00bb][et_pb_column type=\u00a0\u00bb4_4&Prime; _builder_version=\u00a0\u00bb3.25&Prime; custom_padding=\u00a0\u00bb|||\u00a0\u00bb custom_padding__hover=\u00a0\u00bb|||\u00a0\u00bb][et_pb_text _builder_version=\u00a0\u00bb3.27.4&Prime; text_font=\u00a0\u00bb||||||||\u00a0\u00bb text_font_size=\u00a0\u00bb20px\u00a0\u00bb]<\/p>\n<h4><span style=\"color: #003366;\">Liste des fonctionnalit\u00e9s :<\/span><\/h4>\n<p>[\/et_pb_text][\/et_pb_column][\/et_pb_row][\/et_pb_section][et_pb_section fb_built=\u00a0\u00bb1&Prime; _builder_version=\u00a0\u00bb3.22&Prime; custom_padding=\u00a0\u00bb30px|0px|0px|0px\u00a0\u00bb][et_pb_row column_structure=\u00a0\u00bb1_2,1_2&Prime; _builder_version=\u00a0\u00bb3.25&Prime; custom_padding=\u00a0\u00bb0px|0px|55px|0px\u00a0\u00bb][et_pb_column type=\u00a0\u00bb1_2&Prime; _builder_version=\u00a0\u00bb3.25&Prime; custom_padding=\u00a0\u00bb|||\u00a0\u00bb custom_padding__hover=\u00a0\u00bb|||\u00a0\u00bb][et_pb_accordion _builder_version=\u00a0\u00bb3.0.101&Prime; text_orientation=\u00a0\u00bbcenter\u00a0\u00bb animation_style=\u00a0\u00bbfold\u00a0\u00bb border_width_all=\u00a0\u00bb0px\u00a0\u00bb border_style_all=\u00a0\u00bbnone\u00a0\u00bb][et_pb_accordion_item title=\u00a0\u00bbComptabilit\u00e9 \u00a0\u00bb open=\u00a0\u00bbon\u00a0\u00bb _builder_version=\u00a0\u00bb3.0.101&Prime; custom_margin=\u00a0\u00bb|||\u00a0\u00bb]Comptabilit\u00e9 analytique, calcul automatique des d\u00e9penses non admises, d\u00e9penses priv\u00e9es et TVA non d\u00e9ductible, bilan (Plan Comptable Belge ET fran\u00e7ais), balance des comptes (par journal\/p\u00e9riode\/plage de poste\/cat\u00e9gorie de journaux), rapprochement des op\u00e9rations (r\u00e9conciliation), lettrage, op\u00e9rations r\u00e9guli\u00e8res (le loyer, le t\u00e9l\u00e9phone,\u2026), mod\u00e8les d&rsquo;op\u00e9rations,&#8230;<br \/>\n[\/et_pb_accordion_item][\/et_pb_accordion][\/et_pb_column][et_pb_column type=\u00a0\u00bb1_2&Prime; _builder_version=\u00a0\u00bb3.25&Prime; custom_padding=\u00a0\u00bb|||\u00a0\u00bb custom_padding__hover=\u00a0\u00bb|||\u00a0\u00bb][et_pb_accordion _builder_version=\u00a0\u00bb3.0.101&Prime; border_style_all=\u00a0\u00bbnone\u00a0\u00bb][et_pb_accordion_item title=\u00a0\u00bbGestion \/\u00a0\u00bb open=\u00a0\u00bbon\u00a0\u00bb _builder_version=\u00a0\u00bb3.0.101&Prime;]Facturation, gestion suivi courrier et clients (courrier de rappel, offres\u2026), pr\u00e9vision, g\u00e9n\u00e9ration de note de frais, g\u00e9n\u00e9ration de devis et transformation en facture, suivi fournisseurs, suivi clients, adh\u00e9rents, suivi administrations, suivi Tr\u00e9sorerie, suivi administrateurs (ou employ\u00e9s), suivi des stocks, liste des contacts, plusieurs d\u00e9p\u00f4ts possibles pour les stocks, possibilit\u00e9s de g\u00e9rer plusieurs points de vente, chargement de documents pour les suivis, classement par \u00ab\u00a0tag\u00a0\u00bb, statuts des documents modifiables ais\u00e9ment, acc\u00e8s aux documents s\u00e9curis\u00e9,&#8230;&#8230;<br \/>\n[\/et_pb_accordion_item][\/et_pb_accordion][\/et_pb_column][\/et_pb_row][et_pb_row column_structure=\u00a0\u00bb1_2,1_2&Prime; _builder_version=\u00a0\u00bb3.25&Prime; custom_padding=\u00a0\u00bb0px|0px|0px|0px\u00a0\u00bb][et_pb_column type=\u00a0\u00bb1_2&Prime; _builder_version=\u00a0\u00bb3.25&Prime; custom_padding=\u00a0\u00bb|||\u00a0\u00bb custom_padding__hover=\u00a0\u00bb|||\u00a0\u00bb][et_pb_text _builder_version=\u00a0\u00bb3.27.4&Prime;]<\/p>\n<h5><span style=\"color: #003366;\">Plugins (extensions) \/<\/span><\/h5>\n<p>D\u00e9claration TVA, import des op\u00e9rations bancaires par fichier CSV, listing assujetti TVA Belge, listing Intracomm, rapport personnalis\u00e9 permettant d\u2019extraire des statistiques sous format CSV ou pr\u00e9sent\u00e9 en PDF ou g\u00e9n\u00e9rant un document, cr\u00e9ation de documents pour les tiers(clients, fournisseurs, adh\u00e9rents\u2026), envoi par email et sauv\u00e9 dans le suivi (facture, lettre de rappel de paiement, courrier adh\u00e9rent, feuille de paie\u2026)<\/p>\n<p>&nbsp;<br \/>\n[\/et_pb_text][\/et_pb_column][et_pb_column type=\u00a0\u00bb1_2&Prime; _builder_version=\u00a0\u00bb3.25&Prime; custom_padding=\u00a0\u00bb|||\u00a0\u00bb custom_padding__hover=\u00a0\u00bb|||\u00a0\u00bb][et_pb_text _builder_version=\u00a0\u00bb3.27.4&Prime;]<\/p>\n<h5><span style=\"color: #003366;\">Autres fonctionnalit\u00e9s \/<\/span><\/h5>\n<p>Multi-utilisateurs, cr\u00e9ation de documents en RTF ou Oasis (OpenDocument c\u2019est-\u00e0-dire le format r\u00e9pondant \u00e0 la norme iso26300 utilis\u00e9 par de nombreuses suites bureautiques dont <a href=\"https:\/\/fr.libreoffice.org\/\">libreOffice<\/a> , OpenOffice .org, kword\u2026) sur base de mod\u00e8les, il faut installer l\u2019outil zip pour les documents Oasis, exportation en PDF ou en CSV de toutes les op\u00e9rations, balances, historiques, impression depuis votre navigateur, utilisation de codes rapides pour faciliter l\u2019encodage, \u00e9cran de param\u00e9trage complet, possibilit\u00e9 de cr\u00e9er des \u00ab\u00a0mod\u00e8les\u00a0\u00bb puisque chaque secteur peut adapter son plan comptable. On peut en faire un mod\u00e8le et le r\u00e9utiliser pour cr\u00e9er de nouveaux dossiers, gestion fine de la s\u00e9curit\u00e9 : les utilisateurs ne peuvent pas encoder n\u2019importe quoi n\u2019importe o\u00f9 ni voir toutes les informations contenues dans la base de donn\u00e9es, comptabilit\u00e9 en mode strict ou souple, mod\u00e9le d\u2019op\u00e9ration pour op\u00e9rations r\u00e9currentes (loyer, remboursement,\u2026)<\/p>\n<p>[\/et_pb_text][\/et_pb_column][\/et_pb_row][\/et_pb_section][et_pb_section fb_built=\u00a0\u00bb1&Prime; _builder_version=\u00a0\u00bb3.22&Prime; custom_padding=\u00a0\u00bb51.0781px|0px|0px|0px\u00a0\u00bb][et_pb_row column_structure=\u00a0\u00bb1_2,1_2&Prime; _builder_version=\u00a0\u00bb3.25&Prime; custom_padding=\u00a0\u00bb25.5312px|0px|50px|0px\u00a0\u00bb][et_pb_column type=\u00a0\u00bb1_2&Prime; _builder_version=\u00a0\u00bb3.25&Prime; custom_padding=\u00a0\u00bb|||\u00a0\u00bb custom_padding__hover=\u00a0\u00bb|||\u00a0\u00bb][et_pb_text _builder_version=\u00a0\u00bb3.27.4&Prime;]<\/p>\n<h4><span style=\"color: #003366;\">Personnalisation<\/span><\/h4>\n<p>Il est \u00e9galement possible de personnaliser votre programme sur base du cahier des charges : cr\u00e9ation et mise au point de plugin, personnalisation du programme, ajout de fonctionnalit\u00e9s et am\u00e9lioration de l\u2019ergonomie. Il est possible de demander \u00e0 la communaut\u00e9 par les forums et les listes de diffusion ou de vous associer \u00e0 d\u2019autres contributeurs pour le sponsoriser.<br \/>\n[\/et_pb_text][et_pb_text _builder_version=\u00a0\u00bb3.27.4&Prime; text_font=\u00a0\u00bb||||||||\u00a0\u00bb]<\/p>\n<h4><span style=\"color: #003366;\">H\u00e9bergement PME, ind\u00e9pendant ou ASBL<\/span><\/h4>\n<p>Il est possible de t\u00e9l\u00e9charger Noalyss et de l&rsquo;installer chez vous, sur votre propre serveur et h\u00e9berger les comptabilit\u00e9s d&rsquo;autres personnes en plus de la votre.<\/p>\n<p>Vous \u00eates libre de le faire h\u00e9berger chez nous , afin de b\u00e9n\u00e9ficier d&rsquo;un meilleur support, de backup et des mises \u00e0 jour r\u00e9guli\u00e8res<\/p>\n<p>&nbsp;[\/et_pb_text][et_pb_button button_url=\u00a0\u00bbhttps:\/\/www.noalyss.eu\/?page_id=491&Prime; button_text=\u00a0\u00bbTarif et conditions\u00a0\u00bb _builder_version=\u00a0\u00bb3.16&Prime; button_text_size__hover_enabled=\u00a0\u00bboff\u00a0\u00bb button_one_text_size__hover_enabled=\u00a0\u00bboff\u00a0\u00bb button_two_text_size__hover_enabled=\u00a0\u00bboff\u00a0\u00bb button_text_color__hover_enabled=\u00a0\u00bboff\u00a0\u00bb button_one_text_color__hover_enabled=\u00a0\u00bboff\u00a0\u00bb button_two_text_color__hover_enabled=\u00a0\u00bboff\u00a0\u00bb button_border_width__hover_enabled=\u00a0\u00bboff\u00a0\u00bb button_one_border_width__hover_enabled=\u00a0\u00bboff\u00a0\u00bb button_two_border_width__hover_enabled=\u00a0\u00bboff\u00a0\u00bb button_border_color__hover_enabled=\u00a0\u00bboff\u00a0\u00bb button_one_border_color__hover_enabled=\u00a0\u00bboff\u00a0\u00bb button_two_border_color__hover_enabled=\u00a0\u00bboff\u00a0\u00bb button_border_radius__hover_enabled=\u00a0\u00bboff\u00a0\u00bb button_one_border_radius__hover_enabled=\u00a0\u00bboff\u00a0\u00bb button_two_border_radius__hover_enabled=\u00a0\u00bboff\u00a0\u00bb button_letter_spacing__hover_enabled=\u00a0\u00bboff\u00a0\u00bb button_one_letter_spacing__hover_enabled=\u00a0\u00bboff\u00a0\u00bb button_two_letter_spacing__hover_enabled=\u00a0\u00bboff\u00a0\u00bb button_bg_color__hover_enabled=\u00a0\u00bboff\u00a0\u00bb button_one_bg_color__hover_enabled=\u00a0\u00bboff\u00a0\u00bb button_two_bg_color__hover_enabled=\u00a0\u00bboff\u00a0\u00bb][\/et_pb_button][\/et_pb_column][et_pb_column type=\u00a0\u00bb1_2&Prime; _builder_version=\u00a0\u00bb3.25&Prime; custom_padding=\u00a0\u00bb|||\u00a0\u00bb custom_padding__hover=\u00a0\u00bb|||\u00a0\u00bb][et_pb_image src=\u00a0\u00bbhttps:\/\/www.noalyss.eu\/wp-content\/uploads\/2018\/08\/deuxteltest.jpg\u00a0\u00bb align_tablet=\u00a0\u00bbcenter\u00a0\u00bb align_phone=\u00a0\u00bb\u00a0\u00bb align_last_edited=\u00a0\u00bbon|desktop\u00a0\u00bb _builder_version=\u00a0\u00bb3.23&Prime;][\/et_pb_image][\/et_pb_column][\/et_pb_row][et_pb_row column_structure=\u00a0\u00bb1_2,1_2&Prime; _builder_version=\u00a0\u00bb3.25&Prime;][et_pb_column type=\u00a0\u00bb1_2&Prime; _builder_version=\u00a0\u00bb3.25&Prime; custom_padding=\u00a0\u00bb|||\u00a0\u00bb custom_padding__hover=\u00a0\u00bb|||\u00a0\u00bb][et_pb_image src=\u00a0\u00bbhttps:\/\/www.noalyss.eu\/wp-content\/uploads\/2018\/07\/carre\u0301.jpg\u00a0\u00bb align_tablet=\u00a0\u00bbcenter\u00a0\u00bb align_phone=\u00a0\u00bb\u00a0\u00bb align_last_edited=\u00a0\u00bbon|desktop\u00a0\u00bb _builder_version=\u00a0\u00bb3.23&Prime;][\/et_pb_image][et_pb_text _builder_version=\u00a0\u00bb3.27.4&Prime;][\/et_pb_text][\/et_pb_column][et_pb_column type=\u00a0\u00bb1_2&Prime; _builder_version=\u00a0\u00bb3.25&Prime; custom_padding=\u00a0\u00bb|||\u00a0\u00bb custom_padding__hover=\u00a0\u00bb|||\u00a0\u00bb][et_pb_blurb _builder_version=\u00a0\u00bb3.0.101&Prime;][\/et_pb_blurb][et_pb_text _builder_version=\u00a0\u00bb3.27.4&Prime;]<\/p>\n<h5><span style=\"color: #003366;\">Expert \u2013 Comptables &amp; Comptables<\/span><\/h5>\n<p>Gratuit sans dossier, il acc\u00e8de aux dossiers de ses clients. Le client doit l\u2019y autoriser express\u00e9ment<\/p>\n<h5><span style=\"color: #003366;\">Fiduciaire<\/span><\/h5>\n<p>D\u00e9pend du nombre de dossiers \u00e0 cr\u00e9er, devis sur demande<\/p>\n<h5><span style=\"color: #003366;\">Intervention (toujours sur base du cahier des charges)<\/span><\/h5>\n<p>Installation de votre serveur, maintenance du programme, virtualisation de serveur, mise en place de cluster.\u00a0 Les abonnements sont payables anticipativement et par ann\u00e9e.<br \/>\n[\/et_pb_text][\/et_pb_column][\/et_pb_row][\/et_pb_section]<\/p>\n","protected":false},"excerpt":{"rendered":"<p>Fonctionnalit\u00e9s Le logiciel NOALYSS est un logiciel libre, appel\u00e9 aussi OpenSource (GPL) de serveur de comptabilit\u00e9 et de gestion extr\u00eamement flexible, utilis\u00e9 par des comptables, des experts comptables, des PME, des ind\u00e9pendants ou associations (loi 1901, asbl). Il a \u00e9t\u00e9 publi\u00e9 la premi\u00e8re fois sous le nom de PhpCompta et a chang\u00e9 de nom en [&hellip;]<\/p>\n","protected":false},"author":2,"featured_media":0,"parent":0,"menu_order":0,"comment_status":"closed","ping_status":"closed","template":"","meta":{"_et_pb_use_builder":"on","_et_pb_old_content":"","_et_gb_content_width":"","footnotes":""},"class_list":["post-471","page","type-page","status-publish","hentry"],"_links":{"self":[{"href":"https:\/\/www.noalyss.eu\/index.php?rest_route=\/wp\/v2\/pages\/471","targetHints":{"allow":["GET"]}}],"collection":[{"href":"https:\/\/www.noalyss.eu\/index.php?rest_route=\/wp\/v2\/pages"}],"about":[{"href":"https:\/\/www.noalyss.eu\/index.php?rest_route=\/wp\/v2\/types\/page"}],"author":[{"embeddable":true,"href":"https:\/\/www.noalyss.eu\/index.php?rest_route=\/wp\/v2\/users\/2"}],"replies":[{"embeddable":true,"href":"https:\/\/www.noalyss.eu\/index.php?rest_route=%2Fwp%2Fv2%2Fcomments&post=471"}],"version-history":[{"count":25,"href":"https:\/\/www.noalyss.eu\/index.php?rest_route=\/wp\/v2\/pages\/471\/revisions"}],"predecessor-version":[{"id":1653,"href":"https:\/\/www.noalyss.eu\/index.php?rest_route=\/wp\/v2\/pages\/471\/revisions\/1653"}],"wp:attachment":[{"href":"https:\/\/www.noalyss.eu\/index.php?rest_route=%2Fwp%2Fv2%2Fmedia&parent=471"}],"curies":[{"name":"wp","href":"https:\/\/api.w.org\/{rel}","templated":true}]}}