{"id":491,"date":"2018-02-13T14:05:26","date_gmt":"2018-02-13T14:05:26","guid":{"rendered":"https:\/\/www.noalyss.eu\/?page_id=491"},"modified":"2026-04-17T08:47:29","modified_gmt":"2026-04-17T08:47:29","slug":"tarifs-et-conditions","status":"publish","type":"page","link":"https:\/\/www.noalyss.eu\/?page_id=491","title":{"rendered":"Tarifs et conditions"},"content":{"rendered":"<p>[et_pb_section fb_built=\u00a0\u00bb1&Prime; _builder_version=\u00a0\u00bb4.16&Prime; custom_padding=\u00a0\u00bb0px|0px|0px|0px\u00a0\u00bb global_colors_info=\u00a0\u00bb{}\u00a0\u00bb][et_pb_row column_structure=\u00a0\u00bb1_2,1_2&Prime; _builder_version=\u00a0\u00bb4.16&Prime; global_colors_info=\u00a0\u00bb{}\u00a0\u00bb][et_pb_column type=\u00a0\u00bb1_2&Prime; _builder_version=\u00a0\u00bb4.16&Prime; custom_padding=\u00a0\u00bb|||\u00a0\u00bb global_colors_info=\u00a0\u00bb{}\u00a0\u00bb custom_padding__hover=\u00a0\u00bb|||\u00a0\u00bb][et_pb_image src=\u00a0\u00bbhttps:\/\/www.noalyss.eu\/wp-content\/uploads\/2018\/08\/tarifspic1.jpg\u00a0\u00bb align_tablet=\u00a0\u00bbcenter\u00a0\u00bb align_phone=\u00a0\u00bb\u00a0\u00bb align_last_edited=\u00a0\u00bbon|desktop\u00a0\u00bb _builder_version=\u00a0\u00bb4.16&Prime; global_colors_info=\u00a0\u00bb{}\u00a0\u00bb]&nbsp;<br \/>\n[\/et_pb_image][\/et_pb_column][et_pb_column type=\u00a0\u00bb1_2&Prime; _builder_version=\u00a0\u00bb4.16&Prime; custom_padding=\u00a0\u00bb|||\u00a0\u00bb global_colors_info=\u00a0\u00bb{}\u00a0\u00bb custom_padding__hover=\u00a0\u00bb|||\u00a0\u00bb][et_pb_text _builder_version=\u00a0\u00bb4.16&Prime; global_colors_info=\u00a0\u00bb{}\u00a0\u00bb]<\/p>\n<h3>Tarifs et conditions<\/h3>\n<p>Noalyss est un programme personnalisable : cr\u00e9ation et mise au point de plugin, ajout de fonctionnalit\u00e9s et am\u00e9lioration de l\u2019ergonomie. Il est possible de demander \u00e0 la communaut\u00e9 par les forums et les listes de diffusion ou de vous associer \u00e0 d\u2019autres contributeurs pour le sponsoriser.<\/p>\n<p><a href=\"https:\/\/pro.noalyss.eu\" title=\"Conditions de vente et inscription \">Conditions de vente et inscription : https:\/\/pro.noalyss.eu<\/a><\/p>\n<p>&nbsp;<\/p>\n<p>[\/et_pb_text][et_pb_button button_url=\u00a0\u00bbhttps:\/\/www.noalyss.eu\/?page_id=532&Prime; url_new_window=\u00a0\u00bbon\u00a0\u00bb button_text=\u00a0\u00bbContributeurs\u00a0\u00bb _builder_version=\u00a0\u00bb4.16&Prime; custom_button=\u00a0\u00bbon\u00a0\u00bb button_text_size=\u00a0\u00bb15px\u00a0\u00bb button_text_color=\u00a0\u00bb#044172&Prime; button_font=\u00a0\u00bb||||||||\u00a0\u00bb global_colors_info=\u00a0\u00bb{}\u00a0\u00bb button_text_size__hover_enabled=\u00a0\u00bboff\u00a0\u00bb button_one_text_size__hover_enabled=\u00a0\u00bboff\u00a0\u00bb button_two_text_size__hover_enabled=\u00a0\u00bboff\u00a0\u00bb button_text_color__hover_enabled=\u00a0\u00bboff\u00a0\u00bb button_one_text_color__hover_enabled=\u00a0\u00bboff\u00a0\u00bb button_two_text_color__hover_enabled=\u00a0\u00bboff\u00a0\u00bb button_border_width__hover_enabled=\u00a0\u00bboff\u00a0\u00bb button_one_border_width__hover_enabled=\u00a0\u00bboff\u00a0\u00bb button_two_border_width__hover_enabled=\u00a0\u00bboff\u00a0\u00bb button_border_color__hover_enabled=\u00a0\u00bboff\u00a0\u00bb button_one_border_color__hover_enabled=\u00a0\u00bboff\u00a0\u00bb button_two_border_color__hover_enabled=\u00a0\u00bboff\u00a0\u00bb button_border_radius__hover_enabled=\u00a0\u00bboff\u00a0\u00bb button_one_border_radius__hover_enabled=\u00a0\u00bboff\u00a0\u00bb button_two_border_radius__hover_enabled=\u00a0\u00bboff\u00a0\u00bb button_letter_spacing__hover_enabled=\u00a0\u00bboff\u00a0\u00bb button_one_letter_spacing__hover_enabled=\u00a0\u00bboff\u00a0\u00bb button_two_letter_spacing__hover_enabled=\u00a0\u00bboff\u00a0\u00bb button_bg_color__hover_enabled=\u00a0\u00bboff\u00a0\u00bb button_one_bg_color__hover_enabled=\u00a0\u00bboff\u00a0\u00bb button_two_bg_color__hover_enabled=\u00a0\u00bboff\u00a0\u00bb]&nbsp;<br \/>\n[\/et_pb_button][\/et_pb_column][\/et_pb_row][et_pb_row _builder_version=\u00a0\u00bb4.27.4&Prime; _module_preset=\u00a0\u00bbdefault\u00a0\u00bb background_color=\u00a0\u00bb#001457&Prime; border_radii=\u00a0\u00bbon|20px|20px|20px|20px\u00a0\u00bb box_shadow_style=\u00a0\u00bbpreset2&Prime; global_colors_info=\u00a0\u00bb{}\u00a0\u00bb][et_pb_column type=\u00a0\u00bb4_4&Prime; _builder_version=\u00a0\u00bb4.16&Prime; _module_preset=\u00a0\u00bbdefault\u00a0\u00bb global_colors_info=\u00a0\u00bb{}\u00a0\u00bb][et_pb_text _builder_version=\u00a0\u00bb4.27.4&Prime; _module_preset=\u00a0\u00bbdefault\u00a0\u00bb background_color=\u00a0\u00bb#001457&Prime; global_colors_info=\u00a0\u00bb{}\u00a0\u00bb]<\/p>\n<h1 style=\"text-align: center;\"><span style=\"color: #ffffff;\"><strong>Offres liste des prix<br \/><\/strong><\/span><\/h1>\n<p>[\/et_pb_text][\/et_pb_column][\/et_pb_row][et_pb_row column_structure=\u00a0\u00bb1_2,1_2&Prime; _builder_version=\u00a0\u00bb4.16&Prime; custom_padding=\u00a0\u00bb26px|||||\u00a0\u00bb global_colors_info=\u00a0\u00bb{}\u00a0\u00bb][et_pb_column type=\u00a0\u00bb1_2&Prime; _builder_version=\u00a0\u00bb4.16&Prime; custom_padding=\u00a0\u00bb|||\u00a0\u00bb global_colors_info=\u00a0\u00bb{}\u00a0\u00bb custom_padding__hover=\u00a0\u00bb|||\u00a0\u00bb][et_pb_text _builder_version=\u00a0\u00bb4.16&Prime; custom_padding=\u00a0\u00bb||0px|||\u00a0\u00bb global_colors_info=\u00a0\u00bb{}\u00a0\u00bb]<\/p>\n<h2><strong><span style=\"color: #003366;\"><em>H\u00e9bergement PME, ind\u00e9pendant ou ASBL<\/em><\/span><\/strong><\/h2>\n<p>Abonnement :<\/p>\n<ol>\n<li>Pay\u00e9 annuellement = 12,53 \u20ac \/ mois HTVA (12 mois =150,36)<\/li>\n<li>Pay\u00e9 mensuellement =\u00a0 16,69 \u20ac\/mois HTVA (12 mois = 176,24\u20ac HTVA<\/li>\n<\/ol>\n<p>Convient aux petites entreprises, ind\u00e9pendants, ASBL, lois 1901 Un seul dossier, 1 utilisateur.<\/p>\n<p><em>Votre comptable peut s&rsquo;inscrire gratuitement et acc\u00e9der \u00e0 votre dossier.<\/em><\/p>\n<h5><span style=\"color: #003366;\"><em>Suppl\u00e9ment optionnel<\/em><\/span><\/h5>\n<ul>\n<li>Par utilisateur suppl\u00e9mentaire 6\u20ac HTVA \/ an(0,50\u20ac \/mois)<\/li>\n<li>Par GB suppl\u00e9mentaire 6\u20ac\/an HTVA<\/li>\n<li>Par dossier suppl\u00e9mentaire, il sera demand\u00e9 un suppl\u00e9ment de 3\u20ac\/mois HTVA<\/li>\n<li>envoi d&#8217;email depuis votre dossier , 0,06HTVA\u00a0 par email<\/li>\n<\/ul>\n<p><strong>Les prix sont donn\u00e9s Hors TVA , cela implique que devrez rajouter 21% pour la TVA, taux en Belgique. Pour<span style=\"font-size: 14px;\"> les ventes intracommunautaires, entre assujetti , la TVA ne devra pas \u00eatre vers\u00e9e<br \/><\/span><\/strong><\/p>\n<p><strong><span style=\"font-size: 14px;\"><\/span><\/strong><\/p>\n<form action=\"https:\/\/www.paypal.com\/cgi-bin\/webscr\" method=\"post\" target=\"_top\">\n<p><input type=\"hidden\" name=\"cmd\" value=\"_s-xclick\" \/><a href=\"https:\/\/pro.noalyss.eu\" title=\"Conditions de vente et inscription \">Conditions de vente et inscription : https:\/\/pro.noalyss.eu<\/a><br \/><input type=\"hidden\" name=\"hosted_button_id\" value=\"GR7T68URVD8BU\" \/><\/p>\n<p>&nbsp;<\/p>\n<p>&nbsp;<\/p>\n<p>&nbsp;<\/p>\n<table>\n<tbody>\n<tr>\n<td><input type=\"hidden\" name=\"on0\" value=\"Abonnement\" \/>Abonnement individuel<\/td>\n<\/tr>\n<tr>\n<td><select name=\"os0\"><option value=\"Mensuel\">Mensuel : \u20ac20,19EUR &#8211; monthly<\/option><option value=\"Annuel\">Annuel : \u20ac181,95 EUR &#8211; yearly<\/option><\/select><\/td>\n<\/tr>\n<\/tbody>\n<\/table>\n<p><input type=\"hidden\" name=\"currency_code\" value=\"EUR\" \/><br \/><input type=\"image\" src=\"https:\/\/www.paypalobjects.com\/fr_FR\/BE\/i\/btn\/btn_subscribeCC_LG.gif\" name=\"submit\" alt=\"PayPal, le r\u00e9flexe s\u00e9curit\u00e9 pour payer en ligne\" border=\"0\" \/><br \/><img loading=\"lazy\" decoding=\"async\" alt=\"\" src=\"https:\/\/www.paypalobjects.com\/en_US\/i\/scr\/pixel.gif\" width=\"1\" height=\"1\" border=\"0\" \/><\/p>\n<\/form>\n<p>[\/et_pb_text][\/et_pb_column][et_pb_column type=\u00a0\u00bb1_2&Prime; _builder_version=\u00a0\u00bb4.16&Prime; _module_preset=\u00a0\u00bbdefault\u00a0\u00bb global_colors_info=\u00a0\u00bb{}\u00a0\u00bb][et_pb_text _builder_version=\u00a0\u00bb4.16&Prime; _module_preset=\u00a0\u00bbdefault\u00a0\u00bb global_colors_info=\u00a0\u00bb{}\u00a0\u00bb]<\/p>\n<h2><span style=\"color: #003366;\"><strong><em>H\u00e9bergement Domaine<\/em><\/strong><\/span><\/h2>\n<p>Abonnement<\/p>\n<ol>\n<li>Pay\u00e9\u00a0 annuellement = 36,15 HTVA (12 mois=438,18\u20ac HT)<\/li>\n<li>Pay\u00e9 mensuellement = 45 \u20ac HTVA (12 mois = 540\u20ac HT)<\/li>\n<\/ol>\n<p>Convient aux soci\u00e9t\u00e9s devant g\u00e9rer plusieurs dossiers ou ayant une dizaine d&rsquo;utilisateurs et qui souhaitent g\u00e9rer eux-m\u00eame leurs dossiers , utilisateurs et leurs mod\u00e8les.<\/p>\n<h5>Comprend :<\/h5>\n<ul>\n<li>10 dossiers ou mod\u00e8les<\/li>\n<li>30 utilisateurs<\/li>\n<li>envoi d&#8217;emails depuis leur espace :\u00a0 100 par mois<\/li>\n<li>Une adresse web personnalis\u00e9e<\/li>\n<li>Possibilit\u00e9 de personnaliser l&rsquo;application suivant devis<\/li>\n<li>Acc\u00e8s direct aux donn\u00e9es en lecture seule pour utiliser avec d&rsquo;autres applications<\/li>\n<\/ul>\n<p>Dossier suppl\u00e9mentaire : 2\u20ac HTVA\/mois<\/p>\n<p><span style=\"color: #dd0825;\"><strong>* HTVA = Hors TVA, la TVA(21%) n&rsquo;est pas comprise dans le prix.<\/strong><\/span><\/p>\n<p>&nbsp;<\/p>\n<p>&nbsp;<\/p>\n<p>&nbsp;<\/p>\n<p>&nbsp;<\/p>\n<p>[\/et_pb_text][\/et_pb_column][\/et_pb_row][et_pb_row _builder_version=\u00a0\u00bb4.27.4&Prime; _module_preset=\u00a0\u00bbdefault\u00a0\u00bb background_enable_color=\u00a0\u00bboff\u00a0\u00bb border_radii=\u00a0\u00bbon|10px|10px|10px|10px\u00a0\u00bb global_colors_info=\u00a0\u00bb{}\u00a0\u00bb][et_pb_column type=\u00a0\u00bb4_4&Prime; _builder_version=\u00a0\u00bb4.27.4&Prime; _module_preset=\u00a0\u00bbdefault\u00a0\u00bb global_colors_info=\u00a0\u00bb{}\u00a0\u00bb][et_pb_text _builder_version=\u00a0\u00bb4.27.4&Prime; _module_preset=\u00a0\u00bbdefault\u00a0\u00bb background_color=\u00a0\u00bb#00208a\u00a0\u00bb transform_rotate=\u00a0\u00bb0deg|356deg|0deg\u00a0\u00bb custom_padding=\u00a0\u00bb12px||6px||false|false\u00a0\u00bb animation_style=\u00a0\u00bbfade\u00a0\u00bb global_colors_info=\u00a0\u00bb{}\u00a0\u00bb]<\/p>\n<p style=\"text-align: center; font-size: 150%;\"><span style=\"color: #ffffff;\"><a href=\"https:\/\/pro.noalyss.eu\" target=\"_blank\" rel=\"noopener\" title=\"Inscription\" style=\"color: #ffffff;\">Inscription sur https:\/\/pro.noalyss.eu<\/a><\/span><\/p>\n<p>[\/et_pb_text][\/et_pb_column][\/et_pb_row][et_pb_row _builder_version=\u00a0\u00bb4.27.4&Prime; _module_preset=\u00a0\u00bbdefault\u00a0\u00bb background_color=\u00a0\u00bb#001457&Prime; border_radii=\u00a0\u00bbon|20px|20px|20px|20px\u00a0\u00bb box_shadow_style=\u00a0\u00bbpreset2&Prime; global_colors_info=\u00a0\u00bb{}\u00a0\u00bb][et_pb_column type=\u00a0\u00bb4_4&Prime; _builder_version=\u00a0\u00bb4.27.4&Prime; _module_preset=\u00a0\u00bbdefault\u00a0\u00bb global_colors_info=\u00a0\u00bb{}\u00a0\u00bb][et_pb_text _builder_version=\u00a0\u00bb4.27.4&Prime; _module_preset=\u00a0\u00bbdefault\u00a0\u00bb background_color=\u00a0\u00bb#001457&Prime; global_colors_info=\u00a0\u00bb{}\u00a0\u00bb]<\/p>\n<h1 style=\"text-align: center;\"><span style=\"color: #ffffff;\"><strong>PEPPOL<\/strong><\/span><\/h1>\n<p>[\/et_pb_text][\/et_pb_column][\/et_pb_row][et_pb_row column_structure=\u00a0\u00bb1_3,1_3,1_3&Prime; _builder_version=\u00a0\u00bb4.27.4&Prime; _module_preset=\u00a0\u00bbdefault\u00a0\u00bb min_height=\u00a0\u00bb564px\u00a0\u00bb global_colors_info=\u00a0\u00bb{}\u00a0\u00bb][et_pb_column type=\u00a0\u00bb1_3&Prime; _builder_version=\u00a0\u00bb4.27.4&Prime; _module_preset=\u00a0\u00bbdefault\u00a0\u00bb global_colors_info=\u00a0\u00bb{}\u00a0\u00bb][et_pb_text _builder_version=\u00a0\u00bb4.27.4&Prime; _module_preset=\u00a0\u00bbdefault\u00a0\u00bb global_colors_info=\u00a0\u00bb{}\u00a0\u00bb]<\/p>\n<h2>H\u00e9berg\u00e9 sur NOALYSS<\/h2>\n<p>Vous avez un abonnement NOALYSS<\/p>\n<p>&nbsp;<\/p>\n<p><strong>Inscription : gratuit<\/strong><\/p>\n<p>Facture = 0,07\u20ac\u00a0 HT par facture entrante ou sortante<\/p>\n<p>&nbsp;<\/p>\n<p>[\/et_pb_text][\/et_pb_column][et_pb_column type=\u00a0\u00bb1_3&Prime; _builder_version=\u00a0\u00bb4.27.4&Prime; _module_preset=\u00a0\u00bbdefault\u00a0\u00bb global_colors_info=\u00a0\u00bb{}\u00a0\u00bb][et_pb_text _builder_version=\u00a0\u00bb4.27.4&Prime; _module_preset=\u00a0\u00bbdefault\u00a0\u00bb global_colors_info=\u00a0\u00bb{}\u00a0\u00bb]<\/p>\n<h2>Plateforme<\/h2>\n<p>La plateforme PEPPOL vous permet:<\/p>\n<ul>\n<li>de cr\u00e9er des factures au format XML PEPPOL<\/li>\n<li>de charger des factures au format XML PEPPOL<\/li>\n<li>de reprendre les factures qui vous sont envoy\u00e9es afin de les int\u00e9grer \u00e0 votre programme comptable (PDF ou format XML PEPPOL)<\/li>\n<li>d&rsquo;envoyer vos factures au format PEPPOL et d&rsquo;envoyer en m\u00eame temps la facture par email \u00e0 votre client ou une copie \u00e0 votre comptable.<\/li>\n<\/ul>\n<p><strong>Inscription: gratuit<\/strong><\/p>\n<p>Frais d&rsquo;installation : 11,28\u20ac HT<\/p>\n<p>Abonnement ; 2,10 \u20ac HT<\/p>\n<p>Facture : 0,14 \u20ac HT par facture entrante ou sortante (par lot de 50)<\/p>\n<p>&nbsp;<\/p>\n<p>&nbsp;<\/p>\n<p>&nbsp;<\/p>\n<p>&nbsp;<\/p>\n<p>[\/et_pb_text][et_pb_text _builder_version=\u00a0\u00bb4.27.4&Prime; _module_preset=\u00a0\u00bbdefault\u00a0\u00bb background_color=\u00a0\u00bb#F0B800&Prime; custom_margin=\u00a0\u00bb|-356px||-299px||\u00a0\u00bb custom_padding=\u00a0\u00bb|0px||0px||\u00a0\u00bb global_colors_info=\u00a0\u00bb{}\u00a0\u00bb]<\/p>\n<p style=\"text-align: center;\"><strong>EN OPTION : Email : 0,02\u20ac de suppl\u00e9ment , d\u00e8s r\u00e9ception sur PEPPOL d&rsquo;une facture pour vous , nous vous envoyons un email avec un PDF reprenant les informations de la facture. Vous permettant ainsi de la voir sans devoir vous connecter.<br \/><\/strong><\/p>\n<p>[\/et_pb_text][\/et_pb_column][et_pb_column type=\u00a0\u00bb1_3&Prime; _builder_version=\u00a0\u00bb4.27.4&Prime; _module_preset=\u00a0\u00bbdefault\u00a0\u00bb global_colors_info=\u00a0\u00bb{}\u00a0\u00bb][et_pb_text _builder_version=\u00a0\u00bb4.27.4&Prime; _module_preset=\u00a0\u00bbdefault\u00a0\u00bb global_colors_info=\u00a0\u00bb{}\u00a0\u00bb]<\/p>\n<h2>Connexion depuis votre application NOALYSS<\/h2>\n<p>Vous utilisez NOALYSS et n&rsquo;\u00eates pas h\u00e9berg\u00e9 chez nous.<\/p>\n<p>Vous pouvez vous connecter chez nous pour r\u00e9cup\u00e9rer et envoyer vos factures PEPPOL entrantes ou sortantes.<\/p>\n<p>par sftp ou par API REST<\/p>\n<p><strong>Inscription : gratuit<\/strong><\/p>\n<p>Frais d&rsquo;installation : 13,25\u20ac HTVA<\/p>\n<p>Abonnement : 2,10\u20ac \/mois HTVA<\/p>\n<p>D\u00e9pend du volume, les prix sont d\u00e9gressif\u00a0 :<\/p>\n<table style=\"border-collapse: collapse; width: 100%; height: 96px;\" border=\"1\">\n<tbody>\n<tr style=\"height: 24px;\">\n<td style=\"width: 50%; height: 24px; background-color: #e8e8e8; text-align: center;\">Nombre de factures\/an<\/td>\n<td style=\"width: 50%; height: 24px; background-color: #e8e8e8; text-align: center;\">Prix par facture(HTVA)<\/td>\n<\/tr>\n<tr style=\"height: 24px;\">\n<td style=\"width: 50%; height: 24px;\">jusque 200<\/td>\n<td style=\"width: 50%; height: 24px; text-align: center;\">0,17\u20ac<\/td>\n<\/tr>\n<tr style=\"height: 24px;\">\n<td style=\"width: 50%; height: 24px;\">entre 200 et 500<\/td>\n<td style=\"width: 50%; height: 24px; text-align: center;\">0,10\u20ac<\/td>\n<\/tr>\n<tr style=\"height: 24px;\">\n<td style=\"width: 50%; height: 24px;\">A partir de 500<\/td>\n<td style=\"width: 50%; height: 24px; text-align: center;\">0,07\u20ac<\/td>\n<\/tr>\n<\/tbody>\n<\/table>\n<p>&nbsp;<\/p>\n<p><em>\u00a0La solution en sftp est id\u00e9ale pour des volumes importants<\/em><\/p>\n<p>&nbsp;<\/p>\n<p>[\/et_pb_text][\/et_pb_column][\/et_pb_row][et_pb_row _builder_version=\u00a0\u00bb4.27.4&Prime; _module_preset=\u00a0\u00bbdefault\u00a0\u00bb background_color=\u00a0\u00bb#00208A\u00a0\u00bb border_radii=\u00a0\u00bbon|10px|10px|10px|10px\u00a0\u00bb box_shadow_style=\u00a0\u00bbpreset4&Prime; global_colors_info=\u00a0\u00bb{}\u00a0\u00bb][et_pb_column type=\u00a0\u00bb4_4&Prime; _builder_version=\u00a0\u00bb4.27.4&Prime; _module_preset=\u00a0\u00bbdefault\u00a0\u00bb global_colors_info=\u00a0\u00bb{}\u00a0\u00bb][et_pb_text _builder_version=\u00a0\u00bb4.27.4&Prime; _module_preset=\u00a0\u00bbdefault\u00a0\u00bb global_colors_info=\u00a0\u00bb{}\u00a0\u00bb]<\/p>\n<p style=\"text-align: center; font-size: 150%;\"><span style=\"color: #ffffff;\"><a href=\"https:\/\/pro.noalyss.eu\" target=\"_blank\" rel=\"noopener\" title=\"Inscription\" style=\"color: #ffffff;\">Inscription sur https:\/\/pro.noalyss.eu<\/a><\/span><\/p>\n<p>[\/et_pb_text][\/et_pb_column][\/et_pb_row][et_pb_row column_structure=\u00a0\u00bb1_3,1_3,1_3&Prime; _builder_version=\u00a0\u00bb4.16&Prime; global_colors_info=\u00a0\u00bb{}\u00a0\u00bb][et_pb_column type=\u00a0\u00bb1_3&Prime; _builder_version=\u00a0\u00bb4.16&Prime; custom_padding=\u00a0\u00bb|||\u00a0\u00bb global_colors_info=\u00a0\u00bb{}\u00a0\u00bb custom_padding__hover=\u00a0\u00bb|||\u00a0\u00bb][et_pb_image src=\u00a0\u00bbhttps:\/\/www.noalyss.eu\/wp-content\/uploads\/2018\/08\/tarifspic4.jpg\u00a0\u00bb align_tablet=\u00a0\u00bbcenter\u00a0\u00bb align_phone=\u00a0\u00bb\u00a0\u00bb align_last_edited=\u00a0\u00bbon|desktop\u00a0\u00bb _builder_version=\u00a0\u00bb4.16&Prime; global_colors_info=\u00a0\u00bb{}\u00a0\u00bb]&nbsp;<br \/>\n[\/et_pb_image][\/et_pb_column][et_pb_column type=\u00a0\u00bb1_3&Prime; _builder_version=\u00a0\u00bb4.16&Prime; global_colors_info=\u00a0\u00bb{}\u00a0\u00bb][\/et_pb_column][et_pb_column type=\u00a0\u00bb1_3&Prime; _builder_version=\u00a0\u00bb4.16&Prime; custom_padding=\u00a0\u00bb|||\u00a0\u00bb global_colors_info=\u00a0\u00bb{}\u00a0\u00bb custom_padding__hover=\u00a0\u00bb|||\u00a0\u00bb][et_pb_text _builder_version=\u00a0\u00bb4.16&Prime; custom_margin=\u00a0\u00bb|||-401px||\u00a0\u00bb global_colors_info=\u00a0\u00bb{}\u00a0\u00bb]<\/p>\n<h5><span style=\"color: #003366;\"><em>Expert \u2013 Comptables &amp; Comptables<\/em><\/span><\/h5>\n<p>Gratuit sans dossier, il acc\u00e8de aux dossiers de ses clients. Les client sont h\u00e9berg\u00e9s chez nous et doivent autoriser express\u00e9ment l&rsquo;acc\u00e8s.<\/p>\n<h5><span style=\"color: #003366;\"><em>Fiduciaire &#8211; H\u00e9bergement de site<br \/><\/em><\/span><\/h5>\n<p>La fiduciaire g\u00e9rera elle-m\u00eame ses dossiers et ses clients, l&rsquo;abonnement sera pay\u00e9 par la fiduciaire. Le service est vraiment personnalis\u00e9 , NOALYSS peut \u00eatre modifi\u00e9 pour mieux rencontrer ses besoins , en cons\u00e9quence les tarifs d\u00e9pendront de ce qui est n\u00e9goci\u00e9 , envoyez-nous un email pour en discuter.<\/p>\n<h5><span style=\"color: #003366;\"><em>Intervention<\/em><\/span><\/h5>\n<p>Installation de votre serveur, maintenance du programme, virtualisation de serveur, mise en place de cluster sur base du cahier de charge.<\/p>\n<p>Les abonnements sont payables anticipativement et par ann\u00e9e. Les paiements peuvent se faire par paypal, visa ou par virements bancaires. Si vous souhaitez soutenir le logiciel, vous pouvez aussi verser plus que le montant indiqu\u00e9 , la facture sera adapt\u00e9e et sera enti\u00e8rement d\u00e9ductible.<\/p>\n<p>[\/et_pb_text][\/et_pb_column][\/et_pb_row][\/et_pb_section]<\/p>\n","protected":false},"excerpt":{"rendered":"<p>&nbsp; Tarifs et conditions Noalyss est un programme personnalisable : cr\u00e9ation et mise au point de plugin, ajout de fonctionnalit\u00e9s et am\u00e9lioration de l\u2019ergonomie. Il est possible de demander \u00e0 la communaut\u00e9 par les forums et les listes de diffusion ou de vous associer \u00e0 d\u2019autres contributeurs pour le sponsoriser. Conditions de vente et inscription [&hellip;]<\/p>\n","protected":false},"author":2,"featured_media":0,"parent":0,"menu_order":0,"comment_status":"closed","ping_status":"closed","template":"","meta":{"_et_pb_use_builder":"on","_et_pb_old_content":"","_et_gb_content_width":"","footnotes":""},"class_list":["post-491","page","type-page","status-publish","hentry"],"_links":{"self":[{"href":"https:\/\/www.noalyss.eu\/index.php?rest_route=\/wp\/v2\/pages\/491","targetHints":{"allow":["GET"]}}],"collection":[{"href":"https:\/\/www.noalyss.eu\/index.php?rest_route=\/wp\/v2\/pages"}],"about":[{"href":"https:\/\/www.noalyss.eu\/index.php?rest_route=\/wp\/v2\/types\/page"}],"author":[{"embeddable":true,"href":"https:\/\/www.noalyss.eu\/index.php?rest_route=\/wp\/v2\/users\/2"}],"replies":[{"embeddable":true,"href":"https:\/\/www.noalyss.eu\/index.php?rest_route=%2Fwp%2Fv2%2Fcomments&post=491"}],"version-history":[{"count":83,"href":"https:\/\/www.noalyss.eu\/index.php?rest_route=\/wp\/v2\/pages\/491\/revisions"}],"predecessor-version":[{"id":2138,"href":"https:\/\/www.noalyss.eu\/index.php?rest_route=\/wp\/v2\/pages\/491\/revisions\/2138"}],"wp:attachment":[{"href":"https:\/\/www.noalyss.eu\/index.php?rest_route=%2Fwp%2Fv2%2Fmedia&parent=491"}],"curies":[{"name":"wp","href":"https:\/\/api.w.org\/{rel}","templated":true}]}}