{"id":532,"date":"2018-02-16T16:19:10","date_gmt":"2018-02-16T16:19:10","guid":{"rendered":"https:\/\/www.noalyss.eu\/?page_id=532"},"modified":"2025-10-24T08:44:28","modified_gmt":"2025-10-24T08:44:28","slug":"contributeurs","status":"publish","type":"page","link":"https:\/\/www.noalyss.eu\/?page_id=532","title":{"rendered":"Contributeurs"},"content":{"rendered":"<p>[et_pb_section fb_built=\u00a0\u00bb1&Prime; _builder_version=\u00a0\u00bb4.16&Prime; custom_padding=\u00a0\u00bb0px|0px|0px|0px|false|false\u00a0\u00bb global_colors_info=\u00a0\u00bb{}\u00a0\u00bb][et_pb_row column_structure=\u00a0\u00bb1_2,1_2&Prime; _builder_version=\u00a0\u00bb4.16&Prime; global_colors_info=\u00a0\u00bb{}\u00a0\u00bb][et_pb_column type=\u00a0\u00bb1_2&Prime; _builder_version=\u00a0\u00bb4.16&Prime; custom_padding=\u00a0\u00bb|||\u00a0\u00bb global_colors_info=\u00a0\u00bb{}\u00a0\u00bb custom_padding__hover=\u00a0\u00bb|||\u00a0\u00bb][et_pb_text _builder_version=\u00a0\u00bb4.16&Prime; global_colors_info=\u00a0\u00bb{}\u00a0\u00bb]<\/p>\n<h4><span style=\"color: #003366;\">Remerciement : liste des contributeurs \u00e0 Noalyss<\/span><\/h4>\n<p><span style=\"color: #003366;\">Voici la liste des personnes contribuant \u00e0 Noalyss, il n\u2019y figure que celles ayant accept\u00e9 d\u2019\u00eatre list\u00e9es. N\u2019h\u00e9sitez pas \u00e0 nous contacter si nous avons oubli\u00e9 votre nom ou si vous pr\u00e9f\u00e9rez ne plus \u00eatre sur la liste.<\/span><\/p>\n<p><span style=\"color: #003366;\">Nous les remercions chaleureusement de nous avoir aid\u00e9 \u00e0 am\u00e9liorer Noalyss, permettant ainsi \u00e0 beaucoup plus de personnes d\u2019en profiter.<\/span><\/p>\n<p>[\/et_pb_text][et_pb_code _builder_version=\u00a0\u00bb4.27.4&Prime; global_module=\u00a0\u00bb1286&Prime; saved_tabs=\u00a0\u00bball\u00a0\u00bb global_colors_info=\u00a0\u00bb{}\u00a0\u00bb]<pee>Faire un don : Si vous faites un don, il vous sera envoy\u00e9 une facture du m\u00eame montant , et \u00e0 100% d\u00e9ductible mais uniquement pour\u00a0 les auto-entrepreneurs , ind\u00e9pendants,asbl, PME &#8230;Ils pourront\u00a0 d\u00e9duire la facture de\u00a0 leurs imp\u00f4ts.<!-- [et_pb_line_break_holder] -->  <!-- [et_pb_line_break_holder] -->Mettez toujours votre email en communication : on vous \u00e9crira pour \u00e9tablir une facture valide de d\u00e9veloppement de NOALYSS.<!-- [et_pb_line_break_holder] --><\/pee><!-- [et_pb_line_break_holder] --><pee><!-- [et_pb_line_break_holder] -->Par virement bancaire sur le compte :<!-- [et_pb_line_break_holder] -->  <\/p>\n<pre><!-- [et_pb_line_break_holder] -->Banque  <a href=\"https:\/\/www.beobank.be\" target=\"_blank\" rel=\"noopener\">Beobank<\/a><!-- [et_pb_line_break_holder] -->IBAN : BE48 1142 6243 3127<!-- [et_pb_line_break_holder] -->BIC : CTBK BE BX<!-- [et_pb_line_break_holder] -->COMMUNICATION : votre email<!-- [et_pb_line_break_holder] -->  <\/pre>\n<p><!-- [et_pb_line_break_holder] --><\/pee><!-- [et_pb_line_break_holder] --><pee><!-- [et_pb_line_break_holder] -->  Par Paypal<!-- [et_pb_line_break_holder] --><\/pee><!-- [et_pb_line_break_holder] --><\/p>\n<form action=\"https:\/\/www.paypal.com\/cgi-bin\/webscr\" method=\"post\" target=\"_top\" style=\"display:block\"><!-- [et_pb_line_break_holder] --><input type=\"hidden\" name=\"cmd\" value=\"_s-xclick\" \/><!-- [et_pb_line_break_holder] --><input type=\"hidden\" name=\"hosted_button_id\" value=\"7GT5JA3J5PDMC\" \/><!-- [et_pb_line_break_holder] --><input type=\"image\" src=\"https:\/\/www.paypalobjects.com\/fr_FR\/BE\/i\/btn\/btn_donateCC_LG.gif\" border=\"0\" name=\"submit\" title=\"PayPal - The safer, easier way to pay online!\" alt=\"Bouton Faites un don avec PayPal\" \/><!-- [et_pb_line_break_holder] --><img loading=\"lazy\" decoding=\"async\" alt=\"\" border=\"0\" src=\"https:\/\/www.paypal.com\/fr_BE\/i\/scr\/pixel.gif\" width=\"1\" height=\"1\" \/><!-- [et_pb_line_break_holder] --><\/form>\n<p><!-- [et_pb_line_break_holder] --><!-- [et_pb_line_break_holder] --><!-- [et_pb_line_break_holder] --><!-- [et_pb_line_break_holder] -->[\/et_pb_code][et_pb_button _builder_version=\u00a0\u00bb4.16&Prime; global_colors_info=\u00a0\u00bb{}\u00a0\u00bb button_text_size__hover_enabled=\u00a0\u00bboff\u00a0\u00bb button_one_text_size__hover_enabled=\u00a0\u00bboff\u00a0\u00bb button_two_text_size__hover_enabled=\u00a0\u00bboff\u00a0\u00bb button_text_color__hover_enabled=\u00a0\u00bboff\u00a0\u00bb button_one_text_color__hover_enabled=\u00a0\u00bboff\u00a0\u00bb button_two_text_color__hover_enabled=\u00a0\u00bboff\u00a0\u00bb button_border_width__hover_enabled=\u00a0\u00bboff\u00a0\u00bb button_one_border_width__hover_enabled=\u00a0\u00bboff\u00a0\u00bb button_two_border_width__hover_enabled=\u00a0\u00bboff\u00a0\u00bb button_border_color__hover_enabled=\u00a0\u00bboff\u00a0\u00bb button_one_border_color__hover_enabled=\u00a0\u00bboff\u00a0\u00bb button_two_border_color__hover_enabled=\u00a0\u00bboff\u00a0\u00bb button_border_radius__hover_enabled=\u00a0\u00bboff\u00a0\u00bb button_one_border_radius__hover_enabled=\u00a0\u00bboff\u00a0\u00bb button_two_border_radius__hover_enabled=\u00a0\u00bboff\u00a0\u00bb button_letter_spacing__hover_enabled=\u00a0\u00bboff\u00a0\u00bb button_one_letter_spacing__hover_enabled=\u00a0\u00bboff\u00a0\u00bb button_two_letter_spacing__hover_enabled=\u00a0\u00bboff\u00a0\u00bb button_bg_color__hover_enabled=\u00a0\u00bboff\u00a0\u00bb button_one_bg_color__hover_enabled=\u00a0\u00bboff\u00a0\u00bb button_two_bg_color__hover_enabled=\u00a0\u00bboff\u00a0\u00bb][\/et_pb_button][et_pb_testimonial author=\u00a0\u00bbFree-Solutions S\u00e0rl\u00a0\u00bb portrait_url=\u00a0\u00bbdata:image\/svg+xml;base64,PHN2ZyB3aWR0aD0iNTAwIiBoZWlnaHQ9IjUwMCIgdmlld0JveD0iMCAwIDUwMCA1MDAiIHhtbG5zPSJodHRwOi8vd3d3LnczLm9yZy8yMDAwL3N2ZyI+CiAgICA8ZyBmaWxsPSJub25lIiBmaWxsLXJ1bGU9ImV2ZW5vZGQiPgogICAgICAgIDxwYXRoIGZpbGw9IiNFQkVCRUIiIGQ9Ik0wIDBoNTAwdjUwMEgweiIvPgogICAgICAgIDxyZWN0IGZpbGwtb3BhY2l0eT0iLjEiIGZpbGw9IiMwMDAiIHg9IjY4IiB5PSIzMDUiIHdpZHRoPSIzNjQiIGhlaWdodD0iNTY4IiByeD0iMTgyIi8+CiAgICAgICAgPGNpcmNsZSBmaWxsLW9wYWNpdHk9Ii4xIiBmaWxsPSIjMDAwIiBjeD0iMjQ5IiBjeT0iMTcyIiByPSIxMDAiLz4KICAgIDwvZz4KPC9zdmc+Cg==\u00a0\u00bb _builder_version=\u00a0\u00bb4.16&Prime; global_colors_info=\u00a0\u00bb{}\u00a0\u00bb]<\/p>\n<p><a href=\"https:\/\/www.free-solutions.ch\/\">https:\/\/www.free-solutions.ch<\/a><br \/><span>&#8211; Vente et location de serveurs de video-\u00a0 \u00a0 \u00a0<\/span><span>conf\u00e9rence,<\/span><br \/><span>&#8211; Cle bootable avec votre bureau<\/span><\/p>\n<p><a href=\"mailto:info@free-solutions.ch\">info@free-solutions.ch<\/a><\/p>\n<p>[\/et_pb_testimonial][et_pb_testimonial author=\u00a0\u00bbMarc Allington (Comptable )\u00a0\u00bb portrait_url=\u00a0\u00bbdata:image\/svg+xml;base64,PHN2ZyB3aWR0aD0iNTAwIiBoZWlnaHQ9IjUwMCIgdmlld0JveD0iMCAwIDUwMCA1MDAiIHhtbG5zPSJodHRwOi8vd3d3LnczLm9yZy8yMDAwL3N2ZyI+CiAgICA8ZyBmaWxsPSJub25lIiBmaWxsLXJ1bGU9ImV2ZW5vZGQiPgogICAgICAgIDxwYXRoIGZpbGw9IiNFQkVCRUIiIGQ9Ik0wIDBoNTAwdjUwMEgweiIvPgogICAgICAgIDxyZWN0IGZpbGwtb3BhY2l0eT0iLjEiIGZpbGw9IiMwMDAiIHg9IjY4IiB5PSIzMDUiIHdpZHRoPSIzNjQiIGhlaWdodD0iNTY4IiByeD0iMTgyIi8+CiAgICAgICAgPGNpcmNsZSBmaWxsLW9wYWNpdHk9Ii4xIiBmaWxsPSIjMDAwIiBjeD0iMjQ5IiBjeT0iMTcyIiByPSIxMDAiLz4KICAgIDwvZz4KPC9zdmc+Cg==\u00a0\u00bb _builder_version=\u00a0\u00bb4.27.4&Prime; locked=\u00a0\u00bboff\u00a0\u00bb global_colors_info=\u00a0\u00bb{}\u00a0\u00bb]<\/p>\n<p><span>AB+MA SPRL<br \/>Contributions :<\/span><\/p>\n<ul>\n<li><span>Conseils pratiques (ergonomie, comptabilit\u00e9 et fiscalit\u00e9)<\/span><\/li>\n<li><span>Module TVA <\/span><\/li>\n<li><span>Financi\u00e8re<\/span><\/li>\n<\/ul>\n<p><span>BCE : BE0845.728.053<\/span><br \/><span>Email = marc.allington@ab-ma.be<\/span><\/p>\n<p>[\/et_pb_testimonial][et_pb_testimonial author=\u00a0\u00bbPierre Willot (accompagnement de projets informatiques) \u00a0\u00bb portrait_url=\u00a0\u00bbhttps:\/\/www.noalyss.eu\/wp-content\/uploads\/2025\/05\/logo-250-rond.png\u00a0\u00bb _builder_version=\u00a0\u00bb4.27.4&Prime; author_line_height=\u00a0\u00bb1em\u00a0\u00bb locked=\u00a0\u00bboff\u00a0\u00bb global_colors_info=\u00a0\u00bb{}\u00a0\u00bb]<\/p>\n<p>YZ-Bare <a href=\"https:\/\/yz-bare.be\/\">https:\/\/yz-bare.be\/<\/a>\u00a0 ,\u00a0 sp\u00e9cialiste en logiciel libre, accompagnement, formation , et instructeur agr\u00e9e pour les formations Moto.<\/p>\n<p>Contribution\u00a0 NOALYSS:<\/p>\n<ul>\n<li>\u00a0TVA et le module de TVA.<\/li>\n<li>Les formations sur NOALYSS<\/li>\n<li>La comptabilit\u00e9 analytique.<\/li>\n<li>Contribution financi\u00e8re<\/li>\n<\/ul>\n<p>&nbsp;<\/p>\n<p>&nbsp;<\/p>\n<p>[\/et_pb_testimonial][et_pb_testimonial author=\u00a0\u00bbChampagne Christian Briard\u00a0\u00bb url=\u00a0\u00bbhttps:\/\/www.avenuedesvins.fr\/fr\/\u00a0\u00bb portrait_url=\u00a0\u00bbhttps:\/\/www.noalyss.eu\/wp-content\/uploads\/2020\/12\/cuvee-ambre-millesime.jpg\u00a0\u00bb _builder_version=\u00a0\u00bb4.16&Prime; locked=\u00a0\u00bboff\u00a0\u00bb global_colors_info=\u00a0\u00bb{}\u00a0\u00bb]<\/p>\n<p><span>An Award of Excellence received for our range of Champagnes from M. Dussert Gerber wine guide.<\/span><br \/> <span>www.ChampagneChristianBriard.fr<\/span><\/p>\n<p><span>Be Smart!-NCD<\/span><br \/> <a href=\"mailto:christian.briard@aliceadsl.fr\">christian.briard@aliceadsl.fr<\/a><br \/> <a href=\"mailto:christian.briard@gmx.com\">christian.briard@gmx.com<\/a><br \/> <span>21, rue du Plessier<\/span><br \/> <span>02850 JAULGONNE FRANCE<\/span><br \/> <span>Office. +33 (0) 3 60 90 07 02<\/span><br \/> <span>Fax. +33 (0) 3 23 70 62 03<\/span><br \/> <span>Cel. +33 (0) 6 83 88 86 43<\/span><\/p>\n<p><a href=\"https:\/\/www.avenuedesvins.fr\/fr\/vignerons-champagne-christian-briard-93.html\">https:\/\/www.avenuedesvins.fr\/fr\/vignerons-champagne-christian-briard-93.html<\/a><\/p>\n<p>[\/et_pb_testimonial][\/et_pb_column][et_pb_column type=\u00a0\u00bb1_2&Prime; _builder_version=\u00a0\u00bb4.16&Prime; custom_padding=\u00a0\u00bb|||\u00a0\u00bb global_colors_info=\u00a0\u00bb{}\u00a0\u00bb custom_padding__hover=\u00a0\u00bb|||\u00a0\u00bb][et_pb_image src=\u00a0\u00bbhttps:\/\/www.noalyss.eu\/wp-content\/uploads\/2018\/08\/contributeurspic2.jpg\u00a0\u00bb align_tablet=\u00a0\u00bbcenter\u00a0\u00bb align_phone=\u00a0\u00bb\u00a0\u00bb align_last_edited=\u00a0\u00bbon|desktop\u00a0\u00bb _builder_version=\u00a0\u00bb4.16&Prime; global_colors_info=\u00a0\u00bb{}\u00a0\u00bb][\/et_pb_image][et_pb_image src=\u00a0\u00bbhttps:\/\/www.noalyss.eu\/wp-content\/uploads\/2018\/08\/contributeurspic1.jpg\u00a0\u00bb align_tablet=\u00a0\u00bbcenter\u00a0\u00bb align_phone=\u00a0\u00bb\u00a0\u00bb align_last_edited=\u00a0\u00bbon|desktop\u00a0\u00bb _builder_version=\u00a0\u00bb4.16&Prime; custom_margin=\u00a0\u00bb||-217px|||\u00a0\u00bb custom_padding=\u00a0\u00bb||318px|||\u00a0\u00bb global_colors_info=\u00a0\u00bb{}\u00a0\u00bb][\/et_pb_image][et_pb_testimonial author=\u00a0\u00bbThierry Nancy\u00a0\u00bb portrait_url=\u00a0\u00bbdata:image\/svg+xml;base64,PHN2ZyB3aWR0aD0iNTAwIiBoZWlnaHQ9IjUwMCIgdmlld0JveD0iMCAwIDUwMCA1MDAiIHhtbG5zPSJodHRwOi8vd3d3LnczLm9yZy8yMDAwL3N2ZyI+CiAgICA8ZyBmaWxsPSJub25lIiBmaWxsLXJ1bGU9ImV2ZW5vZGQiPgogICAgICAgIDxwYXRoIGZpbGw9IiNFQkVCRUIiIGQ9Ik0wIDBoNTAwdjUwMEgweiIvPgogICAgICAgIDxyZWN0IGZpbGwtb3BhY2l0eT0iLjEiIGZpbGw9IiMwMDAiIHg9IjY4IiB5PSIzMDUiIHdpZHRoPSIzNjQiIGhlaWdodD0iNTY4IiByeD0iMTgyIi8+CiAgICAgICAgPGNpcmNsZSBmaWxsLW9wYWNpdHk9Ii4xIiBmaWxsPSIjMDAwIiBjeD0iMjQ5IiBjeT0iMTcyIiByPSIxMDAiLz4KICAgIDwvZz4KPC9zdmc+Cg==\u00a0\u00bb _builder_version=\u00a0\u00bb4.16&Prime; global_colors_info=\u00a0\u00bb{}\u00a0\u00bb]<\/p>\n<p>Auteur de l&rsquo;extension \u00ab\u00a0<a href=\"https:\/\/github.com\/Rascarquapac\/bilan_interne\">Bilan interne<\/a>\u00ab\u00a0, qui permet d&rsquo;avoir un bilan d\u00e9taill\u00e9 dans lequel on peut avoir le d\u00e9tail des postes comptables<\/p>\n<p>Cr\u00e9ation d&rsquo;une image <a href=\"https:\/\/id.docker.com\/login\/?next=%2Fid%2Foauth%2Fauthorize%2F%3Fclient_id%3D43f17c5f-9ba4-4f13-853d-9d0074e349a7%26next%3D%252Frepository%252Fdocker%252Frascar%252Fdocker-noalyss%253Fref%253Dlogin%26nonce%3DeyJhbGciOiJIUzI1NiIsInR5cCI6IkpXVCJ9.eyJhdWQiOiI0M2YxN2M1Zi05YmE0LTRmMTMtODUzZC05ZDAwNzRlMzQ5YTciLCJleHAiOiIyMDIxLTAzLTE2VDE1OjQwOjAyLjE5NjMzMDE1MloiLCJpYXQiOiIyMDIxLTAzLTE2VDE1OjM1OjAyLjE5NjMzMTI4NloiLCJyZnAiOiJzMnZ0TTdZY3BMSUh5UlJabzdWZm53PT0iLCJ0YXJnZXRfbGlua191cmkiOiIvcmVwb3NpdG9yeS9kb2NrZXIvcmFzY2FyL2RvY2tlci1ub2FseXNzP3JlZj1sb2dpbiJ9.DLe47vj1wIW5Vn6o8ZTZsPQQrw3Wd6oK6tkQZUr1VSA%26redirect_uri%3Dhttps%253A%252F%252Fhub.docker.com%252Fsso%252Fcallback%26response_type%3Dcode%26scope%3Dopenid%26state%3DeyJhbGciOiJIUzI1NiIsInR5cCI6IkpXVCJ9.eyJhdWQiOiI0M2YxN2M1Zi05YmE0LTRmMTMtODUzZC05ZDAwNzRlMzQ5YTciLCJleHAiOiIyMDIxLTAzLTE2VDE1OjQwOjAyLjE5NjMzMDE1MloiLCJpYXQiOiIyMDIxLTAzLTE2VDE1OjM1OjAyLjE5NjMzMTI4NloiLCJyZnAiOiJzMnZ0TTdZY3BMSUh5UlJabzdWZm53PT0iLCJ0YXJnZXRfbGlua191cmkiOiIvcmVwb3NpdG9yeS9kb2NrZXIvcmFzY2FyL2RvY2tlci1ub2FseXNzP3JlZj1sb2dpbiJ9.DLe47vj1wIW5Vn6o8ZTZsPQQrw3Wd6oK6tkQZUr1VSA\">Docker<\/a>\u00a0 pour Noalyss , il y a une\u00a0 <a href=\"https:\/\/forum.noalyss.eu\/viewtopic.php?f=3&amp;t=8562\" target=\"_blank\" rel=\"noopener noreferrer\">autre image <\/a> dans le forum propos\u00e9 par sleig<\/p>\n<p>[\/et_pb_testimonial][\/et_pb_column][\/et_pb_row][et_pb_row column_structure=\u00a0\u00bb1_3,1_3,1_3&Prime; _builder_version=\u00a0\u00bb4.16&Prime; global_colors_info=\u00a0\u00bb{}\u00a0\u00bb][et_pb_column type=\u00a0\u00bb1_3&Prime; _builder_version=\u00a0\u00bb4.16&Prime; global_colors_info=\u00a0\u00bb{}\u00a0\u00bb][et_pb_testimonial author=\u00a0\u00bbCharles SIGNORINI\u00a0\u00bb portrait_url=\u00a0\u00bbhttps:\/\/www.noalyss.eu\/wp-content\/uploads\/2020\/12\/1519913516528.png\u00a0\u00bb _builder_version=\u00a0\u00bb4.16&Prime; locked=\u00a0\u00bboff\u00a0\u00bb global_colors_info=\u00a0\u00bb{}\u00a0\u00bb]<\/p>\n<p><span>UnIversit\u00e9 de Bordeaux Facult\u00e9 Economie<\/span><br \/> <span>Extension gestion classe et inscription \u00e9l\u00e9ves , voir\u00a0<a href=\"https:\/\/wiki.noalyss.eu\/doku.php?id=les_plugins\" title=\"Liste des extensions\">Liste des extensions<\/a><\/span><\/p>\n<p><a href=\"https:\/\/pgi.u-bordeaux.fr\/cs\/\" title=\"Universit\u00e9 de Bordeaux\">Universit\u00e9 de Bordeaux<\/a><\/p>\n<p>[\/et_pb_testimonial][et_pb_testimonial author=\u00a0\u00bbAlain Monnom\u00a0\u00bb portrait_url=\u00a0\u00bbdata:image\/svg+xml;base64,PHN2ZyB3aWR0aD0iNTAwIiBoZWlnaHQ9IjUwMCIgdmlld0JveD0iMCAwIDUwMCA1MDAiIHhtbG5zPSJodHRwOi8vd3d3LnczLm9yZy8yMDAwL3N2ZyI+CiAgICA8ZyBmaWxsPSJub25lIiBmaWxsLXJ1bGU9ImV2ZW5vZGQiPgogICAgICAgIDxwYXRoIGZpbGw9IiNFQkVCRUIiIGQ9Ik0wIDBoNTAwdjUwMEgweiIvPgogICAgICAgIDxyZWN0IGZpbGwtb3BhY2l0eT0iLjEiIGZpbGw9IiMwMDAiIHg9IjY4IiB5PSIzMDUiIHdpZHRoPSIzNjQiIGhlaWdodD0iNTY4IiByeD0iMTgyIi8+CiAgICAgICAgPGNpcmNsZSBmaWxsLW9wYWNpdHk9Ii4xIiBmaWxsPSIjMDAwIiBjeD0iMjQ5IiBjeT0iMTcyIiByPSIxMDAiLz4KICAgIDwvZz4KPC9zdmc+Cg==\u00a0\u00bb _builder_version=\u00a0\u00bb4.16&Prime; width=\u00a0\u00bb100%\u00a0\u00bb locked=\u00a0\u00bboff\u00a0\u00bb global_colors_info=\u00a0\u00bb{}\u00a0\u00bb]<\/p>\n<p>Auteur de l&rsquo;extension \u00ab\u00a0<a href=\"https:\/\/bitbucket.org\/noalyss\/dolibarr-noalyss\/src\/master\/\">Import Dolibarr<\/a>\u00a0\u00bb qui permet d&rsquo;utiliser Dolibarr et Noalyss , l&rsquo;un pour la gestion et l&rsquo;autre pour la comptabilit\u00e9.<\/p>\n<p>&nbsp;<\/p>\n<p>[\/et_pb_testimonial][\/et_pb_column][et_pb_column type=\u00a0\u00bb1_3&Prime; _builder_version=\u00a0\u00bb4.16&Prime; global_colors_info=\u00a0\u00bb{}\u00a0\u00bb][et_pb_testimonial author=\u00a0\u00bbAntoine Herzog\u00a0\u00bb portrait_url=\u00a0\u00bbhttps:\/\/www.noalyss.eu\/wp-content\/uploads\/2020\/12\/Capture-1.png\u00a0\u00bb _builder_version=\u00a0\u00bb4.16&Prime; locked=\u00a0\u00bboff\u00a0\u00bb global_colors_info=\u00a0\u00bb{}\u00a0\u00bb]<\/p>\n<p><a href=\"https:\/\/www.cool-raoul.com\/activites\/gestion-entreprises\/comptabilite-010-noalyss\/noalyss-modeles-documents-bilan-compte-resultats\/Cool-Raoul-noalyss-110-modeles-documents-bilan-compte-resultat.php\" target=\"_blank\" rel=\"noopener noreferrer\" title=\"Site Cool Raoul\">Site Cool Raoul<\/a><\/p>\n<p>Auteur des\u00a0bilans fran\u00e7ais, comptes de r\u00e9sultat, &#8230;<o:p><\/o:p><\/p>\n<p><a href=\"https:\/\/www.cool-raoul.com\/activites\/gestion-entreprises\/comptabilite-010-noalyss\/noalyss-modeles-documents-bilan-compte-resultats\/Cool-Raoul-noalyss-110-modeles-documents-bilan-compte-resultat.php\"><\/a><o:p><\/o:p><\/p>\n<p>[\/et_pb_testimonial][et_pb_testimonial author=\u00a0\u00bbAutres contributeurs\u00a0\u00bb portrait_url=\u00a0\u00bbdata:image\/svg+xml;base64,PHN2ZyB3aWR0aD0iNTAwIiBoZWlnaHQ9IjUwMCIgdmlld0JveD0iMCAwIDUwMCA1MDAiIHhtbG5zPSJodHRwOi8vd3d3LnczLm9yZy8yMDAwL3N2ZyI+CiAgICA8ZyBmaWxsPSJub25lIiBmaWxsLXJ1bGU9ImV2ZW5vZGQiPgogICAgICAgIDxwYXRoIGZpbGw9IiNFQkVCRUIiIGQ9Ik0wIDBoNTAwdjUwMEgweiIvPgogICAgICAgIDxyZWN0IGZpbGwtb3BhY2l0eT0iLjEiIGZpbGw9IiMwMDAiIHg9IjY4IiB5PSIzMDUiIHdpZHRoPSIzNjQiIGhlaWdodD0iNTY4IiByeD0iMTgyIi8+CiAgICAgICAgPGNpcmNsZSBmaWxsLW9wYWNpdHk9Ii4xIiBmaWxsPSIjMDAwIiBjeD0iMjQ5IiBjeT0iMTcyIiByPSIxMDAiLz4KICAgIDwvZz4KPC9zdmc+Cg==\u00a0\u00bb _builder_version=\u00a0\u00bb4.16&Prime; _module_preset=\u00a0\u00bbdefault\u00a0\u00bb global_colors_info=\u00a0\u00bb{}\u00a0\u00bb]<\/p>\n<p>Benoit Crickboom, ( <a href=\"https:\/\/hub.docker.com\/repository\/docker\/sleig\/noalyss\">image docker pour Noalyss<\/a> )<\/p>\n<p>Yann Coster , Gianesini Franck , Vincent Danjean, Christophe Cazin, Huguette Droin , DSTC, Pierre-Fran\u00e7ois Philippe, Stan Pinte,&#8230;<\/p>\n<p>[\/et_pb_testimonial][\/et_pb_column][et_pb_column type=\u00a0\u00bb1_3&Prime; _builder_version=\u00a0\u00bb4.16&Prime; global_colors_info=\u00a0\u00bb{}\u00a0\u00bb][et_pb_testimonial author=\u00a0\u00bbAlain Vaugham\u00a0\u00bb portrait_url=\u00a0\u00bbdata:image\/svg+xml;base64,PHN2ZyB3aWR0aD0iNTAwIiBoZWlnaHQ9IjUwMCIgdmlld0JveD0iMCAwIDUwMCA1MDAiIHhtbG5zPSJodHRwOi8vd3d3LnczLm9yZy8yMDAwL3N2ZyI+CiAgICA8ZyBmaWxsPSJub25lIiBmaWxsLXJ1bGU9ImV2ZW5vZGQiPgogICAgICAgIDxwYXRoIGZpbGw9IiNFQkVCRUIiIGQ9Ik0wIDBoNTAwdjUwMEgweiIvPgogICAgICAgIDxyZWN0IGZpbGwtb3BhY2l0eT0iLjEiIGZpbGw9IiMwMDAiIHg9IjY4IiB5PSIzMDUiIHdpZHRoPSIzNjQiIGhlaWdodD0iNTY4IiByeD0iMTgyIi8+CiAgICAgICAgPGNpcmNsZSBmaWxsLW9wYWNpdHk9Ii4xIiBmaWxsPSIjMDAwIiBjeD0iMjQ5IiBjeT0iMTcyIiByPSIxMDAiLz4KICAgIDwvZz4KPC9zdmc+Cg==\u00a0\u00bb _builder_version=\u00a0\u00bb4.16&Prime; locked=\u00a0\u00bboff\u00a0\u00bb global_colors_info=\u00a0\u00bb{}\u00a0\u00bb]<\/p>\n<p>Plan comptable fran\u00e7ais, conseils sur la l\u00e9gislation fran\u00e7aise<\/p>\n<p><a href=\"http:\/\/www.vaugham.eu\">http:\/\/www.vaugham.eu<\/a><\/p>\n<p>&nbsp;<\/p>\n<p>[\/et_pb_testimonial][\/et_pb_column][\/et_pb_row][et_pb_row _builder_version=\u00a0\u00bb4.16&Prime; global_colors_info=\u00a0\u00bb{}\u00a0\u00bb][et_pb_column type=\u00a0\u00bb4_4&Prime; _builder_version=\u00a0\u00bb4.16&Prime; global_colors_info=\u00a0\u00bb{}\u00a0\u00bb][\/et_pb_column][\/et_pb_row][\/et_pb_section]<\/p>\n","protected":false},"excerpt":{"rendered":"<p>Remerciement : liste des contributeurs \u00e0 Noalyss Voici la liste des personnes contribuant \u00e0 Noalyss, il n\u2019y figure que celles ayant accept\u00e9 d\u2019\u00eatre list\u00e9es. N\u2019h\u00e9sitez pas \u00e0 nous contacter si nous avons oubli\u00e9 votre nom ou si vous pr\u00e9f\u00e9rez ne plus \u00eatre sur la liste. Nous les remercions chaleureusement de nous avoir aid\u00e9 \u00e0 am\u00e9liorer [&hellip;]<\/p>\n","protected":false},"author":2,"featured_media":0,"parent":0,"menu_order":0,"comment_status":"closed","ping_status":"closed","template":"","meta":{"_et_pb_use_builder":"on","_et_pb_old_content":"","_et_gb_content_width":"","footnotes":""},"class_list":["post-532","page","type-page","status-publish","hentry"],"_links":{"self":[{"href":"https:\/\/www.noalyss.eu\/index.php?rest_route=\/wp\/v2\/pages\/532","targetHints":{"allow":["GET"]}}],"collection":[{"href":"https:\/\/www.noalyss.eu\/index.php?rest_route=\/wp\/v2\/pages"}],"about":[{"href":"https:\/\/www.noalyss.eu\/index.php?rest_route=\/wp\/v2\/types\/page"}],"author":[{"embeddable":true,"href":"https:\/\/www.noalyss.eu\/index.php?rest_route=\/wp\/v2\/users\/2"}],"replies":[{"embeddable":true,"href":"https:\/\/www.noalyss.eu\/index.php?rest_route=%2Fwp%2Fv2%2Fcomments&post=532"}],"version-history":[{"count":55,"href":"https:\/\/www.noalyss.eu\/index.php?rest_route=\/wp\/v2\/pages\/532\/revisions"}],"predecessor-version":[{"id":2006,"href":"https:\/\/www.noalyss.eu\/index.php?rest_route=\/wp\/v2\/pages\/532\/revisions\/2006"}],"wp:attachment":[{"href":"https:\/\/www.noalyss.eu\/index.php?rest_route=%2Fwp%2Fv2%2Fmedia&parent=532"}],"curies":[{"name":"wp","href":"https:\/\/api.w.org\/{rel}","templated":true}]}}