{"id":550,"date":"2018-02-20T13:05:04","date_gmt":"2018-02-20T13:05:04","guid":{"rendered":"https:\/\/www.noalyss.eu\/?page_id=550"},"modified":"2025-05-16T09:28:15","modified_gmt":"2025-05-16T09:28:15","slug":"temoignages","status":"publish","type":"page","link":"https:\/\/www.noalyss.eu\/?page_id=550","title":{"rendered":"T\u00e9moignages"},"content":{"rendered":"<p>[et_pb_section fb_built=\u00a0\u00bb1&Prime; _builder_version=\u00a0\u00bb4.16&Prime; custom_padding=\u00a0\u00bb0px|0px|0px|0px\u00a0\u00bb global_colors_info=\u00a0\u00bb{}\u00a0\u00bb][et_pb_row _builder_version=\u00a0\u00bb4.16&Prime; custom_padding=\u00a0\u00bb25.5938px|0px|0px|0px\u00a0\u00bb global_colors_info=\u00a0\u00bb{}\u00a0\u00bb][et_pb_column type=\u00a0\u00bb4_4&Prime; _builder_version=\u00a0\u00bb4.16&Prime; custom_padding=\u00a0\u00bb|||\u00a0\u00bb global_colors_info=\u00a0\u00bb{}\u00a0\u00bb custom_padding__hover=\u00a0\u00bb|||\u00a0\u00bb][et_pb_image src=\u00a0\u00bbhttps:\/\/www.noalyss.eu\/wp-content\/uploads\/2018\/10\/temoignages-4.jpg\u00a0\u00bb force_fullwidth=\u00a0\u00bbon\u00a0\u00bb align_tablet=\u00a0\u00bbcenter\u00a0\u00bb align_last_edited=\u00a0\u00bbon|desktop\u00a0\u00bb _builder_version=\u00a0\u00bb4.16&Prime; always_center_on_mobile=\u00a0\u00bbon\u00a0\u00bb global_colors_info=\u00a0\u00bb{}\u00a0\u00bb align_phone=\u00a0\u00bbcenter\u00a0\u00bb][\/et_pb_image][et_pb_text _builder_version=\u00a0\u00bb4.16&Prime; text_font=\u00a0\u00bb||||||||\u00a0\u00bb text_text_color=\u00a0\u00bb#000147&Prime; global_colors_info=\u00a0\u00bb{}\u00a0\u00bb][\/et_pb_text][\/et_pb_column][\/et_pb_row][et_pb_row _builder_version=\u00a0\u00bb4.16&Prime; global_colors_info=\u00a0\u00bb{}\u00a0\u00bb][et_pb_column type=\u00a0\u00bb4_4&Prime; _builder_version=\u00a0\u00bb4.16&Prime; custom_padding=\u00a0\u00bb|||\u00a0\u00bb global_colors_info=\u00a0\u00bb{}\u00a0\u00bb custom_padding__hover=\u00a0\u00bb|||\u00a0\u00bb][et_pb_testimonial author=\u00a0\u00bbMarc Allington Comptable AB MA srl\u00a0\u00bb portrait_url=\u00a0\u00bbdata:image\/svg+xml;base64,PHN2ZyB3aWR0aD0iNTAwIiBoZWlnaHQ9IjUwMCIgdmlld0JveD0iMCAwIDUwMCA1MDAiIHhtbG5zPSJodHRwOi8vd3d3LnczLm9yZy8yMDAwL3N2ZyI+CiAgICA8ZyBmaWxsPSJub25lIiBmaWxsLXJ1bGU9ImV2ZW5vZGQiPgogICAgICAgIDxwYXRoIGZpbGw9IiNFQkVCRUIiIGQ9Ik0wIDBoNTAwdjUwMEgweiIvPgogICAgICAgIDxyZWN0IGZpbGwtb3BhY2l0eT0iLjEiIGZpbGw9IiMwMDAiIHg9IjY4IiB5PSIzMDUiIHdpZHRoPSIzNjQiIGhlaWdodD0iNTY4IiByeD0iMTgyIi8+CiAgICAgICAgPGNpcmNsZSBmaWxsLW9wYWNpdHk9Ii4xIiBmaWxsPSIjMDAwIiBjeD0iMjQ5IiBjeT0iMTcyIiByPSIxMDAiLz4KICAgIDwvZz4KPC9zdmc+Cg==\u00a0\u00bb _builder_version=\u00a0\u00bb4.27.4&Prime; _module_preset=\u00a0\u00bbdefault\u00a0\u00bb hover_enabled=\u00a0\u00bb0&Prime; sticky_enabled=\u00a0\u00bb0&Prime;]<\/p>\n<p>NOALYSS est un excellent programme bas\u00e9 sur un moteur de base de donn\u00e9es fiable, stable, robuste et tr\u00e8s puissant.<\/p>\n<p>En fait, l&rsquo;id\u00e9al pour un comptable mais aussi pour tous les collaborateurs de l&rsquo;entreprise car les outils sont facilement accessibles et utilisables par des non-comptables (note de frais, suivi des facturations ou des commandes, acc\u00e8s direct \u00e0 la comptabilit\u00e9 analytique des projets avec les documents (facture, preuve de paiement, commande, Timesheet) et ce partout dans le monde.<\/p>\n<p>Tout ceci en fait un outil polyvalent puissant et efficace sans la complexit\u00e9 des ERP<\/p>\n<p>[\/et_pb_testimonial][et_pb_testimonial url=\u00a0\u00bbhttp:\/\/www.self-reliance.be\/\u00a0\u00bb url_new_window=\u00a0\u00bbon\u00a0\u00bb portrait_url=\u00a0\u00bbhttps:\/\/www.noalyss.eu\/wp-content\/uploads\/2025\/05\/logo-250-rond.png\u00a0\u00bb portrait_width=\u00a0\u00bb90px\u00a0\u00bb _builder_version=\u00a0\u00bb4.27.4&Prime; body_font=\u00a0\u00bb||||||||\u00a0\u00bb body_text_color=\u00a0\u00bb#000147&Prime; text_orientation=\u00a0\u00bbcenter\u00a0\u00bb hover_enabled=\u00a0\u00bb0&Prime; global_colors_info=\u00a0\u00bb{}\u00a0\u00bb sticky_enabled=\u00a0\u00bb0&Prime; alt=\u00a0\u00bbYZ-Bare\u00a0\u00bb title_text=\u00a0\u00bblogo-250-rond\u00a0\u00bb]<\/p>\n<p style=\"text-align: left;\"><span>Avec Noalyss, ma comptabilit\u00e9 est accessible partout et en s\u00e9curit\u00e9. La r\u00e9activit\u00e9 est au rendez-vous, en plus de 8 ans nous n\u2019avons aucun reproche \u00e0 faire, que du contraire. Noalyss est le meilleur programme de comptabilit\u00e9 accessible par Internet que j\u2019ai pu essayer. Pendant de longues ann\u00e9es j\u2019ai chercher un logiciel comptable adaptable \u00e0 mon fonctionnement. Un ami m\u2019a parl\u00e9 de PhpCompta, devenu ensuite NOALYSS , l\u2019essayer, c\u2019est l\u2019adopter. Je le propose m\u00eame \u00e0 des ind\u00e9pendants et \u00e0 des associations, actuellement il y a une kin\u00e9, un informaticien \u00e0 temps compl\u00e9mentaire et 2 associations. Certaines structures en Afrique sont int\u00e9ress\u00e9es par Noalyss.<\/span><\/p>\n<p style=\"text-align: left;\"><span style=\"color: #999999;\"><a href=\"https:\/\/yz-bare.be\/\" style=\"color: #999999;\" target=\"_blank\" rel=\"noopener\" title=\"Site  YZ-Bare\">-&gt; Leur site<\/a><\/span><\/p>\n<p>[\/et_pb_testimonial][et_pb_testimonial url=\u00a0\u00bbhttps:\/\/www.iccbxl.be\/web\/\u00a0\u00bb url_new_window=\u00a0\u00bbon\u00a0\u00bb portrait_url=\u00a0\u00bbhttps:\/\/www.noalyss.eu\/wp-content\/uploads\/2018\/07\/Logo-ICC-lie-de-vin-160&#215;155.jpg\u00a0\u00bb _builder_version=\u00a0\u00bb4.16&Prime; body_font=\u00a0\u00bb||||||||\u00a0\u00bb text_orientation=\u00a0\u00bbcenter\u00a0\u00bb global_colors_info=\u00a0\u00bb{}\u00a0\u00bb]<\/p>\n<p style=\"text-align: left;\">Etant donn\u00e9 que l\u2019enseignant est l\u2019administrateur de tous les dossiers, il peut, de son poste, de n\u2019importe o\u00f9, acc\u00e9der aux dossiers des apprenants. Il peut ainsi r\u00e9pondre aux questions des apprenants de mani\u00e8re asynchrones (questions pos\u00e9es par mail ou sur un forum) et v\u00e9rifier dans le dossier de l\u2019apprenant ce qu\u2019il a effectu\u00e9 comme op\u00e9rations.\u00a0Le logiciel est con\u00e7u de telle mani\u00e8re que chaque utilisateur puisse le personnaliser.\u00a0Aucun bridage n\u2019est effectu\u00e9, que ce soit en nombre d\u2019op\u00e9rations, ou en nombre d\u2019exercices comptables.<\/p>\n<p style=\"text-align: left;\"><span style=\"color: #003366;\"><a href=\"https:\/\/www.noalyss.eu\/wp-content\/uploads\/2016\/10\/NoalyssTemoinXG-1.pdf\" target=\"_blank\" rel=\"noopener noreferrer\" style=\"color: #003366;\">-&gt; Lire tout le t\u00e9moignage<\/a><\/span><\/p>\n<p style=\"text-align: left;\"><span style=\"color: #003366;\"><a href=\"https:\/\/www.iccbxl.be\/web\/\" style=\"color: #003366;\">-&gt; Leur site\u00a0<\/a><\/span><\/p>\n<p>[\/et_pb_testimonial][et_pb_testimonial url=\u00a0\u00bbhttps:\/\/www.u-bordeaux.fr\/\u00a0\u00bb url_new_window=\u00a0\u00bbon\u00a0\u00bb portrait_url=\u00a0\u00bbhttps:\/\/www.noalyss.eu\/wp-content\/uploads\/2018\/07\/unnamed.jpg\u00a0\u00bb _builder_version=\u00a0\u00bb4.16&Prime; global_colors_info=\u00a0\u00bb{}\u00a0\u00bb]<\/p>\n<p>Dans un souci de professionnaliser nos dipl\u00f4mes universitaires de gestion et de d\u00e9velopper les comp\u00e9tences professionnelles de nos \u00e9tudiants, nous avons d\u00e9cid\u00e9 de leur faire pratiquer d\u00e8s leur formation initiale un logiciel comptable au niveau Licence (Bac+3, Bachelor). Le choix du logiciel \u00e9tait fonction de plusieurs param\u00e8tres\u00a0: le co\u00fbt, les fonctionnalit\u00e9s et la capacit\u00e9 \u00e0 adapter l\u2019outil \u00e0 nos besoins. Noalyss a \u00e9t\u00e9 le meilleur choix.<\/p>\n<p>En effet, les solutions commerciales fran\u00e7aises (Sage, EBP) sont non seulement on\u00e9reuses mais ne permettent pas une large utilisation en simultan\u00e9 par de nombreux utilisateurs. Il nous fallait un logiciel comptable sur un serveur, accessible depuis n\u2019importe o\u00f9, sur lequel plusieurs centaines d\u2019\u00e9tudiants puissent travailler. Nous avons demand\u00e9 aux d\u00e9veloppeurs de Noalyss de d\u00e9velopper un module pour faciliter l\u2019inscription et la gestion des \u00e9tudiants \u00e0 grande \u00e9chelle. Ce module est disponible librement \u00e0 tous.<\/p>\n<p>Ainsi, nous avons pu faire travailler, de f\u00e9vrier \u00e0 avril 2016, plus de 1000 \u00e9tudiants sur un serveur Noalyss, chacun ayant son propre dossier personnel o\u00f9 il travaille, entre ses \u00e9critures, soumet ses documents, programme ses outils d\u2019analyse financi\u00e8re, etc. Le module nouvellement cr\u00e9\u00e9 permet un suivi des \u00e9tudiants par petits groupes avec un syst\u00e8me d\u2019\u00e9tiquettes tr\u00e8s pratique et souple.<\/p>\n<p>L\u2019exp\u00e9rience est concluante et nous continuerons \u00e0 utiliser cet excellent logiciel libre pour former nos \u00e9tudiants.<\/p>\n<p><span style=\"color: #003366;\"><a href=\"https:\/\/www.u-bordeaux.fr\/\" style=\"color: #003366;\">-&gt; Leur site\u00a0<\/a><\/span><\/p>\n<p>[\/et_pb_testimonial][et_pb_testimonial url_new_window=\u00a0\u00bbon\u00a0\u00bb portrait_url=\u00a0\u00bbhttps:\/\/www.noalyss.eu\/wp-content\/uploads\/2018\/07\/dL57MAij_400x400.jpg\u00a0\u00bb _builder_version=\u00a0\u00bb4.16&Prime; global_colors_info=\u00a0\u00bb{}\u00a0\u00bb]<\/p>\n<p>Notre besoin \u00e9tait de g\u00e9rer la comptabilit\u00e9 de 200 sections diff\u00e9rentes et de pouvoir consolider cet ensemble dans une comptabilit\u00e9 unique pour le syndicat. En premi\u00e8re approche cela nous semblait une gageure, jusqu\u2019\u00e0 ce qu\u2019on se d\u00e9cide \u00e0 faire d\u00e9velopper un plugin pour phpcompta. Tout r\u00e9developper aurait induit des co\u00fbts prohibitifs, nous avons juste fait ajouter ce qu\u2019il nous manquait : une interface beaucoup plus simple \u00e0 la port\u00e9e de tr\u00e9soriers non comptables, un module d\u2019inscription des adh\u00e9rents, de gestion des avances, de gestion des mouvements internes\u2026 Aujourd\u2019hui gr\u00e2ce \u00e0 ce plugin, nos 200 sections ont leur propre comptabilit\u00e9 avec leur propres journaux. Cela nous permet de r\u00e9pondre aux nouvelles obligations l\u00e9gales en vigueur en France depuis le 1er janvier 2010 tout en conservant notre organisation statutaire d\u2019autonomie des sections.<\/p>\n<p><span style=\"color: #003366;\"><a href=\"http:\/\/www.snetap-fsu.fr\/\" style=\"color: #003366;\">-&gt; Leur site\u00a0<\/a><\/span><\/p>\n<p>[\/et_pb_testimonial][et_pb_testimonial portrait_url=\u00a0\u00bbhttps:\/\/www.noalyss.eu\/wp-content\/uploads\/2018\/07\/user.jpg\u00a0\u00bb _builder_version=\u00a0\u00bb4.16&Prime; global_colors_info=\u00a0\u00bb{}\u00a0\u00bb]<\/p>\n<p><span>Apr\u00e8s avoir test\u00e9 bon nombre de logiciels (dont les 3 principaux propri\u00e9taires et un en SaaS), Noalyss apparait comme le mieux adapt\u00e9 \u00e0 l\u2019utilisation en entreprise tant en terme de facilit\u00e9 que de flexibilit\u00e9.<\/span><\/p>\n<p>[\/et_pb_testimonial][et_pb_testimonial portrait_url=\u00a0\u00bbhttps:\/\/www.noalyss.eu\/wp-content\/uploads\/2018\/07\/user.jpg\u00a0\u00bb _builder_version=\u00a0\u00bb4.16&Prime; global_colors_info=\u00a0\u00bb{}\u00a0\u00bb]<\/p>\n<p><span>Noalyss est un logiciel complet de comptabilit\u00e9, il dispose d\u2019un support r\u00e9actif. Il fonctionne sur LA base de donn\u00e9e la plus robuste au monde et donc \u00e9loigne tout risque de perte de donn\u00e9e. Libre et donc ouvert il permet une interface ais\u00e9 avec d\u2019autres applications. Il n\u2019est pas agr\u00e9\u00e9 ( en France ) ce qui suppose le transfert en fin d\u2019ann\u00e9e des informations vers le logiciel agr\u00e9\u00e9 de l\u2019expert comptable, op\u00e9ration qui peut se faite sans difficult\u00e9.<\/span><\/p>\n<p>[\/et_pb_testimonial][et_pb_testimonial portrait_url=\u00a0\u00bbhttps:\/\/www.noalyss.eu\/wp-content\/uploads\/2018\/07\/user.jpg\u00a0\u00bb _builder_version=\u00a0\u00bb4.16&Prime; global_colors_info=\u00a0\u00bb{}\u00a0\u00bb]<\/p>\n<p><span>Noalyss r\u00e9pond \u00e0 toutes nos attentes, l\u2019\u00e9quipe de d\u00e9veloppement est sympa et r\u00e9active. Le projet \u00e9volue intelligemment avec des apports aboutis sans partir dans tous les sens avec des fonctions en b\u00eata comme d\u2019autres softs.<\/span><\/p>\n<p>[\/et_pb_testimonial][et_pb_sidebar _builder_version=\u00a0\u00bb4.16&Prime; global_colors_info=\u00a0\u00bb{}\u00a0\u00bb][\/et_pb_sidebar][\/et_pb_column][\/et_pb_row][\/et_pb_section]<\/p>\n","protected":false},"excerpt":{"rendered":"<p>NOALYSS est un excellent programme bas\u00e9 sur un moteur de base de donn\u00e9es fiable, stable, robuste et tr\u00e8s puissant. En fait, l&rsquo;id\u00e9al pour un comptable mais aussi pour tous les collaborateurs de l&rsquo;entreprise car les outils sont facilement accessibles et utilisables par des non-comptables (note de frais, suivi des facturations ou des commandes, acc\u00e8s direct [&hellip;]<\/p>\n","protected":false},"author":2,"featured_media":0,"parent":0,"menu_order":0,"comment_status":"closed","ping_status":"closed","template":"","meta":{"_et_pb_use_builder":"on","_et_pb_old_content":"","_et_gb_content_width":"","footnotes":""},"class_list":["post-550","page","type-page","status-publish","hentry"],"_links":{"self":[{"href":"https:\/\/www.noalyss.eu\/index.php?rest_route=\/wp\/v2\/pages\/550","targetHints":{"allow":["GET"]}}],"collection":[{"href":"https:\/\/www.noalyss.eu\/index.php?rest_route=\/wp\/v2\/pages"}],"about":[{"href":"https:\/\/www.noalyss.eu\/index.php?rest_route=\/wp\/v2\/types\/page"}],"author":[{"embeddable":true,"href":"https:\/\/www.noalyss.eu\/index.php?rest_route=\/wp\/v2\/users\/2"}],"replies":[{"embeddable":true,"href":"https:\/\/www.noalyss.eu\/index.php?rest_route=%2Fwp%2Fv2%2Fcomments&post=550"}],"version-history":[{"count":26,"href":"https:\/\/www.noalyss.eu\/index.php?rest_route=\/wp\/v2\/pages\/550\/revisions"}],"predecessor-version":[{"id":1966,"href":"https:\/\/www.noalyss.eu\/index.php?rest_route=\/wp\/v2\/pages\/550\/revisions\/1966"}],"wp:attachment":[{"href":"https:\/\/www.noalyss.eu\/index.php?rest_route=%2Fwp%2Fv2%2Fmedia&parent=550"}],"curies":[{"name":"wp","href":"https:\/\/api.w.org\/{rel}","templated":true}]}}